{"id":2206,"date":"2023-08-18T14:23:08","date_gmt":"2023-08-18T14:23:08","guid":{"rendered":"https:\/\/satmediawp.edv-kroiss.com\/produkt\/inverto-home-pro-uln-quad-lnb-01db-pll-lte-4g-filter\/"},"modified":"2024-05-17T13:43:02","modified_gmt":"2024-05-17T11:43:02","slug":"inverto-home-pro-uln-quad-lnb-01db-pll-lte-4g-filter","status":"publish","type":"product","link":"https:\/\/satmediawp.edv-kroiss.com\/en\/product\/inverto-home-pro-uln-quad-lnb-01db-pll-lte-4g-filter\/","title":{"rendered":"Inverto Home Pro ULN+ Quad LNB 0,1dB PLL LTE 4G Filter"},"content":{"rendered":"<p>Inverto Home Pro ULN+ Ultra Quad LNB &#8211; Stabilit\u00e4t f\u00fcr h\u00f6chste Anspr\u00fcche.<br \/>\nDank den\u00a0\u00fcberlegenen Front-End-Komponenten und dem neuartigen Feedhorn-Design bietet dieser LNB eine h\u00f6here Umwandlungsverst\u00e4rkung bei gleichzeitig niedriger Rauschzahl und bester Phasenrauschleistung.<\/p>\n<p><strong>Features<\/strong><br \/>\n&#8211; Neuartiges Feedhorn Design<br \/>\n&#8211; \u00dcberragende Phasenrauschleistung, DVB-S2X-kompatibel mit Unterst\u00fctzung von Ultra HD TV (4K und 8K)<br \/>\n&#8211; Hervorragende Kreuzpolarisationsisolation<br \/>\n&#8211; Sehr niedrige St\u00f6rpegel<br \/>\n&#8211; \u00dcberlegene Rauschzahl bei hoher Verst\u00e4rkung<br \/>\n&#8211; Hohe LTE\/4G-Immunit\u00e4t<br \/>\n&#8211; Gr\u00f6\u00dfte Zuverl\u00e4ssigkeit<\/p>\n<p>Die Kombination aus innovativem Feedhorn-Design, h\u00f6her spezifizierten Komponenten, exzellenter Kreuzpolarisationsisolation und fortschrittlichem Filterdesign erm\u00f6glichen eine verbesserte Handhabung von interferierenden und anderen St\u00f6rsignalen. Dieser LNB bietet im Vergleich zu Standard-LNBs einen Sprung in der Gesamtempfangsleistung und erm\u00f6glicht den Empfang von Ultra-High-Definition-TV-\u00dcbertragungen in 4K oder sogar 8K.<\/p>\n<p>Dieser LNB bietet einen Sprung in der Gesamtempfangsleistung im Vergleich zu Standard-LNBs, erm\u00f6glicht den Empfang von Signalen von einem Satelliten, seine Verteilung auf vier Set Top Boxen mit Single Tuner (oder zwei STB mit jeweils Twin Tuner) und ist bereit f\u00fcr Ultra High Definition TV-\u00dcbertragungen in 4K- oder 8K-Aufl\u00f6sung. Nach strengsten Anforderungen und h\u00f6chsten Industriestandards hergestellt ist dieser einzigartige LNB eine ideale L\u00f6sung bei schwierigen Empfangsbedingungen.<\/p>\n<p><strong>Technische Daten<\/strong><br \/>\n&#8211; Tiefband Eingangsfrequenzbereich: 10.7 GHz ~ 11.7 GHz<br \/>\n&#8211; Tiefband Ausgangsfrequenzbereich: 950 MHz ~ 1950 MHz<br \/>\n&#8211; Oszillatorfrequenz (LO) Tiefband: 9.75 GHz<br \/>\n&#8211; Hochband Eingangsfrequenzbereich: 11.7 GHz ~ 12.75 GHz<br \/>\n&#8211; Hochband Ausgangsfrequenzbereich: 1100 MHz ~ 2150 MHz<br \/>\n&#8211; Oszillatorfrequenz (LO) Hochband: 10.6 GHz<br \/>\n&#8211; Rauschma\u00df: 0.1 dB typ. (0.7 dB max.)<br \/>\n&#8211; LO Temperaturdrift: \u00b12.0 MHz max.<br \/>\n&#8211; LO Anfangsgenauigkeit: \u00b11.0 MHz max.<br \/>\n&#8211; LO-Phasenrauschen @1 kHz: -70 dBc\/Hz<br \/>\n&#8211; LO-Phasenrauschen @10 kHz: -80 dBc\/Hz<br \/>\n&#8211; LO-Phasenrauschen @100 kHz: -90 dBc\/Hz<br \/>\n&#8211; LO-Phasenrauschen @1 MHz: -100 dBc\/Hz<br \/>\n&#8211; Verst\u00e4rkungswelligkeit (\u00fcber 26 MHz Bandbreite): 1 dB max. (peak-to-peak)<br \/>\n&#8211; Verst\u00e4rkungsschwankung (im Vollband): 4 dB max. (peak-to-peak)<br \/>\n&#8211; Spiegelfrequenzunterdr\u00fcckung: 50 dB min.<br \/>\n&#8211; Intermodulationsprodukte 3. Ordnung &#8211; ICP3: +10 dBm min<br \/>\n&#8211; 1 dB Kompressionspunkt (@Ausgang): 0 dBm min.<br \/>\n&#8211; Kreuzpolarisationsisolation: 22 dB min.<br \/>\n&#8211; Steuersignal Ca (V): 10.0 V ~ 14.0 V<br \/>\n&#8211; Steuersignal Cb (H): 16.0 V ~ 20.0 V<br \/>\n&#8211; Steuersignal Cc (Bandumschaltung): 22 kHz \u00b14 kHz<br \/>\n&#8211; Ausgangs VSWR: 2.0:1 max.<br \/>\n&#8211; Bandinterne St\u00f6rung: -65 dBm max.<br \/>\n&#8211; Stromaufnahme: 200mA max. (10 VDC ~ 20 VDC)<br \/>\n&#8211; Betriebstemperatur: -30 \u00b0C ~ +60 \u00b0C<br \/>\n&#8211; Ausgangsimpedanz: 75 O (F-Typ)<br \/>\n&#8211; Ausgangsanschluss: F-Typ (weiblich)<br \/>\n&#8211; Abmessungen: 142 x 79 x 48 mm<br \/>\n&#8211; Gewicht: 177.4 g<\/p>","protected":false},"excerpt":{"rendered":"<p>Inverto Home Pro ULN+ Ultra Quad LNB &#8211; Stabilit\u00e4t f\u00fcr h\u00f6chste Anspr\u00fcche. Dank den\u00a0\u00fcberlegenen Front-End-Komponenten und dem neuartigen Feedhorn-Design bietet dieser LNB [&hellip;]<\/p>","protected":false},"featured_media":2948,"template":"","meta":[],"product_cat":[47,106],"product_tag":[],"_links":{"self":[{"href":"https:\/\/satmediawp.edv-kroiss.com\/en\/wp-json\/wp\/v2\/product\/2206"}],"collection":[{"href":"https:\/\/satmediawp.edv-kroiss.com\/en\/wp-json\/wp\/v2\/product"}],"about":[{"href":"https:\/\/satmediawp.edv-kroiss.com\/en\/wp-json\/wp\/v2\/types\/product"}],"wp:featuredmedia":[{"embeddable":true,"href":"https:\/\/satmediawp.edv-kroiss.com\/en\/wp-json\/wp\/v2\/media\/2948"}],"wp:attachment":[{"href":"https:\/\/satmediawp.edv-kroiss.com\/en\/wp-json\/wp\/v2\/media?parent=2206"}],"wp:term":[{"taxonomy":"product_cat","embeddable":true,"href":"https:\/\/satmediawp.edv-kroiss.com\/en\/wp-json\/wp\/v2\/product_cat?post=2206"},{"taxonomy":"product_tag","embeddable":true,"href":"https:\/\/satmediawp.edv-kroiss.com\/en\/wp-json\/wp\/v2\/product_tag?post=2206"}],"curies":[{"name":"wp","href":"https:\/\/api.w.org\/{rel}","templated":true}]}}