{"id":3256,"date":"2024-04-29T15:32:02","date_gmt":"2024-04-29T13:32:02","guid":{"rendered":"https:\/\/satmediawp.edv-kroiss.com\/?post_type=product&#038;p=3256"},"modified":"2024-05-17T11:20:18","modified_gmt":"2024-05-17T09:20:18","slug":"sonnenuhr-horizon-d40-unikat-standort-produziert-messing-inkl-edelstahl-granit-saeule","status":"publish","type":"product","link":"https:\/\/satmediawp.edv-kroiss.com\/en\/product\/sonnenuhr-horizon-d40-unikat-standort-produziert-messing-inkl-edelstahl-granit-saeule\/","title":{"rendered":"Sonnenuhr Horizon D40 Unikat Standort produziert Messing inkl. Edelstahl\/Granit S\u00e4ule"},"content":{"rendered":"<p>inkl. Edelstahl\/Granit S\u00e4ule<\/p>\n<p>Exclusive brass sundial as a single piece unique with a two-compartment shadow launcher to display the date and WOZ (real time) with a conversion graph for the determination of the exact time.<br \/>\nExactly for your location, calculated and produced.<\/p>\n<p>The sundial was designed in 2018 \u2013 calculated and produced in Austria.<br \/>\nThe sundial is made entirely of brass.<br \/>\nDelivery brass sundial with stainless steel adjustment plate, without rack\/column.<\/p>\n<p>Alle Gravuren sind Tiefenfr\u00e4\u00dfungen mit Lackauslegung und Klarlackversiegelung.<br \/>\nNo wear and tear on the engraving \/ time lines is possible, because there is no laser engraving!<\/p>\n<p>Also with the clear coating you received after 1-2 years, a light brass Patina on the surface.<\/p>\n<p>You provide to us to order your location (e.g., Google Maps or coordinates\/GPS) and we produce the sundial exactly for this position.<\/p>\n<p>Each sundial is therefore unique.<\/p>\n<p>Description:<br \/>\nThe sundial is aligned with the help of the 3 Adjustment\/Lotschrauben within a few minutes and is ready to use.<br \/>\nThe shadow shows the WOZ \u2013 True local time at the location.<br \/>\nTo determine the exact time (CET\/CEST) is to WOZ, the equation of time or added.<br \/>\nThe equation of time of the date-dependent and can be determined by the date \u2013 time graphics.<br \/>\nThe accuracy of the reading is a maximum of +\/- 3 minutes. Due to the Material thickness of the shadow caster.<br \/>\nMit etwas \u00dcbung ist eine nahezu Minutengenaue Zeitablesung m\u00f6glich.<\/p>\n<p>2. Shadow item displays the date and the current zodiac sign.<\/p>\n<p>Individuelle Einfr\u00e4\u00dfungen sind im Preis inbegriffen. Sie erhalten vor der Fertigung eine Zeichnung f\u00fcr die Freigabe.<\/p>\n<p>The processing time for calculation\/drawing\/production is a maximum of 30 working days. In General, the sundial will be finished within 3 weeks.<\/p>\n<p>Dimensions:<br \/>\nH\u00f6he Schattenwerfer ca. 14cm \/ ca. 20cm inkl. Justierplatte<br \/>\nDurchmesser Ziffernblatt: 40cm<\/p>","protected":false},"excerpt":{"rendered":"<p>inkl. Edelstahl\/Granit S\u00e4ule Exclusive Messing Sonnenuhr als Einzelst\u00fcck Unikat mit zweifach Schattenwerfer f\u00fcr Anzeige des Datums und der WOZ (wahren Ortszeit) mit [&hellip;]<\/p>","protected":false},"featured_media":1868,"template":"","meta":[],"product_cat":[38],"product_tag":[],"_links":{"self":[{"href":"https:\/\/satmediawp.edv-kroiss.com\/en\/wp-json\/wp\/v2\/product\/3256"}],"collection":[{"href":"https:\/\/satmediawp.edv-kroiss.com\/en\/wp-json\/wp\/v2\/product"}],"about":[{"href":"https:\/\/satmediawp.edv-kroiss.com\/en\/wp-json\/wp\/v2\/types\/product"}],"wp:featuredmedia":[{"embeddable":true,"href":"https:\/\/satmediawp.edv-kroiss.com\/en\/wp-json\/wp\/v2\/media\/1868"}],"wp:attachment":[{"href":"https:\/\/satmediawp.edv-kroiss.com\/en\/wp-json\/wp\/v2\/media?parent=3256"}],"wp:term":[{"taxonomy":"product_cat","embeddable":true,"href":"https:\/\/satmediawp.edv-kroiss.com\/en\/wp-json\/wp\/v2\/product_cat?post=3256"},{"taxonomy":"product_tag","embeddable":true,"href":"https:\/\/satmediawp.edv-kroiss.com\/en\/wp-json\/wp\/v2\/product_tag?post=3256"}],"curies":[{"name":"wp","href":"https:\/\/api.w.org\/{rel}","templated":true}]}}