{"id":3803,"date":"2024-05-16T11:56:14","date_gmt":"2024-05-16T09:56:14","guid":{"rendered":"https:\/\/satmediawp.edv-kroiss.com\/?post_type=product&#038;p=3803"},"modified":"2024-05-16T20:41:39","modified_gmt":"2024-05-16T18:41:39","slug":"ab-pulse-4k-mini-uhd-enigma2-android-sat-receiver-1","status":"publish","type":"product","link":"https:\/\/satmediawp.edv-kroiss.com\/en\/product\/ab-pulse-4k-mini-uhd-enigma2-android-sat-receiver-1\/","title":{"rendered":"AB PULSe 4K Mini UHD Enigma2 \/ Android Sat-Receiver (1xDVB-S2X, Linux E2, H.265, CI, LAN)"},"content":{"rendered":"<p>Der PULSe 4K Mini ist ein neuer Sat-Receiver aus dem Hause AB. Der Sat-Receiver passt durch seine kompakte Bauweise fast \u00fcberall hin. Mit nur 14,5 x 10,96 x 4,6 cm (L\u00e4nge x Breite x H\u00f6he) f\u00e4llt der Sat-Receiver kaum auf und spart ordentlich Platz. Trotz der geringen Gr\u00f6\u00dfe des AB PULSe 4K Mini bietet der Sat-Receiver alle Linux Enigma2 Features und zahlreiche Anschl\u00fcsse.<\/p>\n<p><b>Unser Plugin-Paket beinhaltet u.a. die Android Erweiterungen (YoutubeTV, Amazon Prime, Netflix, Disney+, DAZN, s\u00e4mtliche Mediatheken, Kodi)<\/b><\/p>\n<p><b>Features<\/b><br \/>\n&#8211; 4K UHD-Aufl\u00f6sung mit HDR10-Unterst\u00fctzung<br \/>\n&#8211; Multiboot-Funktion mit E2 Linux OS<br \/>\n&#8211; Unterst\u00fctzung f\u00fcr Multiroom und (Multi-)Transcodierung<br \/>\n&#8211; 15.000 DMIPS Quad Core Prozessor<br \/>\n&#8211; PVR auf MicroSD, externe USB-Festplatten\/Stick, NAS\/Netzwerkfreigaben<\/p>\n<p>Zu den wichtigsten Features geh\u00f6ren die Multiboot-Funktion mit dem E2 Linux OS und nat\u00fcrlich die 4K-Unterst\u00fctzung inklusive HDR10. Ein schneller 15.000 DMIPS Quad Core Prozessor und eine Mali 450 GPU geben dem Sat-Receiver ordentlich Power. Dazu gibt es 8 GB eMMC-Speicher und 1 GB DDR4 RAM. Ebenfalls wird die (Multi-)Transcodierung und Multiroom unterst\u00fctzt. Ein weiteres viel gesch\u00e4tztes Feature ist die M\u00f6glichkeit der Bild-in-Bild-Funktion (Picture in picture; PIP). Damit k\u00f6nnen Sie einen Sender im Vollbildmodus und gleichzeitig einen oder mehrere weitere Sender in kleineren Fenstern sehen (m\u00f6glich in SD-, HD- &amp; 4K UHD-Qualit\u00e4t).<\/p>\n<p>Anschl\u00fcsse gibt es auch einige. Dazu geh\u00f6ren u. a. ein CA-Kartenleser, eine Schnittstelle f\u00fcr ein CI-Modul, wie auch S\/PDIF, MicroSD, HDMI, LAN sowie USB 2.0 &amp; 3.0. Selbstverst\u00e4ndlich gibt es auch einen Anschluss f\u00fcr LNB-IN und die Stromversorgung (DC 12V 2A). Ebenfalls gibt es einen Anschluss f\u00fcr einen Infrarotsensor. Die Verbindung zum Fernseher wird bei diesem Sat-Receiver \u00fcber den HDMI-Anschluss geregelt. Ein HDMI-Kabel ist im Lieferumfang enthalten.<\/p>\n<p><b>Technische Daten<\/b><br \/>\n&#8211; Tuner: DVB-S2X<br \/>\n&#8211; Multiboot-Funktion mit E2 Linux OS<br \/>\n&#8211; CPU: ARM Cortex A53 (ARMv7)<br \/>\n&#8211; Quad Core Prozessor 15.000 DMIPS mit max. 2.0 GHz<br \/>\n&#8211; Mali 450 GPU<br \/>\n&#8211; 4K\/UHD (2160p) mit HDR10<br \/>\n&#8211; Unterst\u00fctzung f\u00fcr Transcodierung\/Multi-Transcodierung und Multiroom<br \/>\n&#8211; Bild-in-Bild in SD, HD &amp; 4K UHD<br \/>\n&#8211; 8 GB eMMC-Speicher<br \/>\n&#8211; 1 GB DDR4 RAM<br \/>\n&#8211; Webbrowser\/HBBTV<br \/>\n&#8211; Automatische\/manuelle Kanalsuche<br \/>\n&#8211; Schneller Hardware-Blindscan<br \/>\n&#8211; DiSEqC 1.0\/1.1\/1.2\/USALS-Unterst\u00fctzung<br \/>\n&#8211; Mechanischer Netzschalter<br \/>\n&#8211; Stabile Software mit sehr schnellen Schaltzeiten<br \/>\n&#8211; Unbegrenzte Kanalliste f\u00fcr TV &amp; Radio<br \/>\n&#8211; EPG (Elektronischer Programmf\u00fchrer)<br \/>\n&#8211; Bouquet-Listen (Favoritenlisten)<br \/>\n&#8211; OSD in vielen Sprachen<br \/>\n&#8211; Erweiterbar mit kostenlosen Plugins<br \/>\n&#8211; 0,5 Watt Stromverbrauch im Standby<br \/>\n&#8211; 4:3\/16:9 Seitenverh\u00e4ltnis<br \/>\n&#8211; Ma\u00dfe: 14,5 x 11 x 4,6 cm (L\u00e4nge x Breite x H\u00f6he)<br \/>\n&#8211; Gewicht: 350 g<\/p>\n<p><b>Anschl\u00fcsse<\/b><br \/>\n1x CA-Kartenleser<br \/>\n1x CI-Modulschnittstelle<br \/>\n1x S\/PDIF (digitaler Audioausgang)<br \/>\n1x MicroSD-Slot f\u00fcr PVR<br \/>\n1x Infrarotsensor-Anschluss<br \/>\n1x HDMI-Anschluss (zum Verbinden mit dem Fernseher)<br \/>\n1x LAN 10\/100 MBit\/s Netzwerkverbindung<br \/>\n1x Externe Stromversorgung (DC 12V 2A)<br \/>\n1x USB 3.0 f\u00fcr PVR<br \/>\n1x USB 2.0<\/p>\n<p><b>Lieferumfang<\/b><br \/>\n1x AB PULSe 4K Mini Sat-Receiver, schwarz<br \/>\n1x Fernbedienung<br \/>\n1x Anleitung (Deutsch, Englisch, Slowakisch, Tschechisch, Polnisch)<br \/>\n1x HDMI-Kabel<br \/>\n1x IR-Sensor<br \/>\n2x Batterien (AA)<br \/>\n1x Stromversorgung (100\u0096240 V \/ 12 V)<\/p>","protected":false},"excerpt":{"rendered":"<p>Der PULSe 4K Mini ist ein neuer Sat-Receiver aus dem Hause AB. Der Sat-Receiver passt durch seine kompakte Bauweise fast \u00fcberall hin. [&hellip;]<\/p>","protected":false},"featured_media":2106,"template":"","meta":[],"product_cat":[43,57,59],"product_tag":[],"_links":{"self":[{"href":"https:\/\/satmediawp.edv-kroiss.com\/en\/wp-json\/wp\/v2\/product\/3803"}],"collection":[{"href":"https:\/\/satmediawp.edv-kroiss.com\/en\/wp-json\/wp\/v2\/product"}],"about":[{"href":"https:\/\/satmediawp.edv-kroiss.com\/en\/wp-json\/wp\/v2\/types\/product"}],"wp:featuredmedia":[{"embeddable":true,"href":"https:\/\/satmediawp.edv-kroiss.com\/en\/wp-json\/wp\/v2\/media\/2106"}],"wp:attachment":[{"href":"https:\/\/satmediawp.edv-kroiss.com\/en\/wp-json\/wp\/v2\/media?parent=3803"}],"wp:term":[{"taxonomy":"product_cat","embeddable":true,"href":"https:\/\/satmediawp.edv-kroiss.com\/en\/wp-json\/wp\/v2\/product_cat?post=3803"},{"taxonomy":"product_tag","embeddable":true,"href":"https:\/\/satmediawp.edv-kroiss.com\/en\/wp-json\/wp\/v2\/product_tag?post=3803"}],"curies":[{"name":"wp","href":"https:\/\/api.w.org\/{rel}","templated":true}]}}