{"id":3814,"date":"2024-05-16T20:11:21","date_gmt":"2024-05-16T18:11:21","guid":{"rendered":"https:\/\/satmediawp.edv-kroiss.com\/?post_type=product&#038;p=3814"},"modified":"2024-05-16T20:51:23","modified_gmt":"2024-05-16T18:51:23","slug":"amiko-hd8265-plus-cicxe-combo-dvb-s2-t-c-tuner-1","status":"publish","type":"product","link":"https:\/\/satmediawp.edv-kroiss.com\/en\/product\/amiko-hd8265-plus-cicxe-combo-dvb-s2-t-c-tuner-1\/","title":{"rendered":"Amiko HD8265 Plus CICXE Combo DVB-S2\/T\/C Tuner"},"content":{"rendered":"<p>Amiko HD 8265 Plus &#8211; Voller Empfang (DVB-S2\/C\/T2) zum g\u00fcnstigen Preis &#8211; Neues Modell mit HDMI und HEVC Unterst\u00fctzung f\u00fcr IPTV, inkl. Kartenleser!<\/p>\n<p>Der Amiko HD 8265 Plus besticht nebem dem Full HD SAT-Tuner und der CI-Schnittstelle vor allem durch den integrierten Hybrid DVB-C Tuner, den USB-Mediaplayer und der Netzwerk Schnittstelle.<br \/>\nDas Ger\u00e4t verf\u00fcgt \u00fcber 2 USB-Schnittstellen Vorne und Hinten.<br \/>\nWireless LAN ist \u00fcber den als Zubeh\u00f6r erh\u00e4ltlichen USB-WLAN Stick m\u00f6glich.<br \/>\nEine PVR-Funktion ist \u00fcber externe USB-Festplatten verf\u00fcgbar.<br \/>\nAls einer der wenigen Receiver unterst\u00fctzt das Ger\u00e4t sowohl NTFS als auch FAT32 Systeme und als Aufnahmeformat wird .TS verwendet!<br \/>\nDer integrierte CI-Slot liest alle g\u00e4ngigen CA-Module (inkl. Irdeto f\u00fcr ORF) und der Kartenleser ist f\u00fcr Conax Smartcards geeignet.<br \/>\nMultimedia Unterst\u00fctzung: WebTV, IPTV, Youtube, SHOUTCast Radio, Videoplayer (MKV, AVI, MOV usw) Musikplayer (MP3), RSS Reader, Wetterplugin, usw&#8230;.<br \/>\nJetzt Neu: Android APP &#8211; Ger\u00e4t streamt TV und Radio Kan\u00e4le direkt zum Android Handy oder Tablet per Netzwerk!<\/p>\n<p>&#8211; Full HD Digital Satellite<br \/>\n&#8211; 1 x Common Interface Slot<br \/>\n&#8211; Kartenleser<br \/>\n&#8211; 2 x USB Anschluss (Vorne\/Hinten)<br \/>\n&#8211; Aufnahmefunktion auf externe Festplatte \u00fcber USB.<br \/>\n&#8211; TimeShift Support<br \/>\n&#8211; MKV, AVI, MPG, MOV, MP3 Wiedergabe<br \/>\n&#8211; Ethernet\/Netzwerkverbindung<br \/>\n&#8211; WLAN \u00fcber WLAN USB-Stick (optional)<br \/>\n&#8211; WebTV und IPTV m\u00f6glich<br \/>\n&#8211; Youtube, Wetter und RSS Reader Funktion<br \/>\n&#8211; 4 (7 Segmente) LED Display<br \/>\n&#8211; Kanallisten Tools (Lock, Edit, Move, Skip, Delete)<br \/>\n&#8211; Favouriten<br \/>\n&#8211; User Friendly On-Screen Display (OSD)<br \/>\n&#8211; Multi-Language support<br \/>\n&#8211; Subtitles support (DVB\/TXT)<br \/>\n&#8211; DiSEqC 1.0, 1.2 and USALS compatible<br \/>\n&#8211; Unicable tauglich<br \/>\n&#8211; Dolby Digital BitStream out via S\/PDIF &amp; HDMI<br \/>\n&#8211; Inkl. HDMI Kabel und Scart Kabel &#8211; Software Upgrade Support via USB &amp; RS232<br \/>\n&#8211; weniger als 1W Stromverbrauch in Stand-By mode<\/p>","protected":false},"excerpt":{"rendered":"<p>Amiko HD 8265 Plus &#8211; Voller Empfang (DVB-S2\/C\/T2) zum g\u00fcnstigen Preis &#8211; Neues Modell mit HDMI und HEVC Unterst\u00fctzung f\u00fcr IPTV, inkl. [&hellip;]<\/p>","protected":false},"featured_media":1403,"template":"","meta":[],"product_cat":[43,61],"product_tag":[],"_links":{"self":[{"href":"https:\/\/satmediawp.edv-kroiss.com\/en\/wp-json\/wp\/v2\/product\/3814"}],"collection":[{"href":"https:\/\/satmediawp.edv-kroiss.com\/en\/wp-json\/wp\/v2\/product"}],"about":[{"href":"https:\/\/satmediawp.edv-kroiss.com\/en\/wp-json\/wp\/v2\/types\/product"}],"wp:featuredmedia":[{"embeddable":true,"href":"https:\/\/satmediawp.edv-kroiss.com\/en\/wp-json\/wp\/v2\/media\/1403"}],"wp:attachment":[{"href":"https:\/\/satmediawp.edv-kroiss.com\/en\/wp-json\/wp\/v2\/media?parent=3814"}],"wp:term":[{"taxonomy":"product_cat","embeddable":true,"href":"https:\/\/satmediawp.edv-kroiss.com\/en\/wp-json\/wp\/v2\/product_cat?post=3814"},{"taxonomy":"product_tag","embeddable":true,"href":"https:\/\/satmediawp.edv-kroiss.com\/en\/wp-json\/wp\/v2\/product_tag?post=3814"}],"curies":[{"name":"wp","href":"https:\/\/api.w.org\/{rel}","templated":true}]}}