{"id":3818,"date":"2024-05-16T20:55:18","date_gmt":"2024-05-16T18:55:18","guid":{"rendered":"https:\/\/satmediawp.edv-kroiss.com\/?post_type=product&#038;p=3818"},"modified":"2024-05-16T21:02:13","modified_gmt":"2024-05-16T19:02:13","slug":"ab-pulse-4k-twin-uhd-enigma2-android-sat-receiver-2xdvb-s2x-linux-e2-h-265-ci-lan-1","status":"publish","type":"product","link":"https:\/\/satmediawp.edv-kroiss.com\/en\/product\/ab-pulse-4k-twin-uhd-enigma2-android-sat-receiver-2xdvb-s2x-linux-e2-h-265-ci-lan-1\/","title":{"rendered":"AB PULSe 4K Twin UHD Enigma2 \/ Android Sat-Receiver (2xDVB-S2X, Linux E2, H.265, CI, LAN)"},"content":{"rendered":"<p>Mit dem PULSe 4K erhalten Sie einen mit 15.000 DMIPS (Quad Core Prozessor) sehr leistungsf\u00e4higen Enigma2 Receiver, dessen Features und Funktionen Sie dank Plug-ins, Add-ons und Skins jederzeit anpassen und erweitern k\u00f6nnen.<br \/>\nUnser Plugin-Paket beinhaltet u.a. die Android Erweiterungen (YoutubeTV, Amazon Prime, Netflix, Disney+, DAZN, s\u00e4mtliche Mediatheken, Kodi)<\/p>\n<p><b>Features<\/b><br \/>\n&#8211; 4K Ultra HD Aufl\u00f6sung<br \/>\n&#8211; Linux E2 Betriebssystem<br \/>\n&#8211; 2x DVB-S2X Sat Receiver<br \/>\n&#8211; MicroSD, CI-Slot, LAN, USB, HDMI<br \/>\n&#8211; PVR \u00fcber 2,5&#8220; Wechselfestplattenslot, MicroSD-Slot, USB-HDD\/Stick, NAS\/Netzwerkfreigaben<\/p>\n<p>Zur unkomplizierten Integration und Anbindung an vorhandene Ger\u00e4te (wie z. B. Ihre Heimkino-Anlage) verf\u00fcgt der AB PULSe 4K Receiver \u00fcber zahlreiche Schnittstellen. Externe Speicherger\u00e4te wie z. B. USB-Sticks schlie\u00dfen Sie beim PULSe 4K entweder an die beiden USB 2.0 Ports an der Vorder- oder R\u00fcckseite an. Einen HDMI-Anschluss sowie einen 10\/100 Mbit Ethernet LAN-Anschluss besitzt der PULSe 4K ebenfalls.<\/p>\n<p><b>Technische Daten<\/b><br \/>\n&#8211; Multiboot Funktion mit E2 Linux OS<br \/>\n&#8211; Quad Core Prozessor (4x 1.6GHz)<br \/>\n&#8211; CPU ARM Cortex A53 (ARMv7)<br \/>\n&#8211; 15.000 DMIPS &amp; GPU Mali 450<br \/>\n&#8211; Hisilicon HI3798MV200 Chip<br \/>\n&#8211; 4K Ultra HD 2160p Aufl\u00f6sung<br \/>\n&#8211; Bild-in-Bild in SD, HD, 4K UHD<br \/>\n&#8211; High Dynamic Range (HDR\/HDR10)<br \/>\n&#8211; DiSEqC 1.0\/1.1\/1.2, USALS-Unterst\u00fctzung<br \/>\n&#8211; Einschub f\u00fcr 2,5 Zoll HDD mit einer H\u00f6he von max. 15 mm<br \/>\n&#8211; Transkodierung\/Multi-Transkodierung und Multiroom-Unterst\u00fctzung<br \/>\n&#8211; automatischer\/manueller Kanalsuchlauf\/schneller Hardware<br \/>\n&#8211; Ma\u00dfe und Gewicht: 270 x 190 x 62mm\/1280g<br \/>\n&#8211; EPG (Electronic Program Guide) Unterst\u00fctzung<br \/>\n&#8211; unbegrenzte Kanalliste f\u00fcr TV &amp; Radio<br \/>\n&#8211; 0.5 Watt Stromverbrauch im Standby<br \/>\n&#8211; 2GB RAM &amp; 8GB Flash Speicher<br \/>\n&#8211; 7-Segment-LED-Anzeige<br \/>\n&#8211; OSD in vielen Sprachen<br \/>\n&#8211; Webbrowser &amp; HBBTV<br \/>\n&#8211; Bildformat 4:3\/16:9<\/p>\n<p><b>Anschl\u00fcsse &amp; Konnektivit\u00e4t<\/b><br \/>\n1x HDMI<br \/>\n2x CI-Slot<br \/>\n1x S\/PDIF<br \/>\n2x USB 2.0<br \/>\n2x LNB-IN<br \/>\n1x Loop-Out<br \/>\n1x Netzschalter<br \/>\n1x IR Anschluss<br \/>\n1x CA-Kartenleser<br \/>\n1x LAN (10\/100 Mbit\/s)<br \/>\n1x MicroSD-Kartenleser<br \/>\n1x DC 12V\/3A (f\u00fcr Netzteile)<br \/>\n1x 2,5-Zoll-Festplatten Steckplatz (bis 15 mm H\u00f6he)<\/p>\n<p><b>Lieferumfang<\/b><br \/>\n1x PULSe 4K UHD 2x DVB-S2X Sat-Receiver<br \/>\n1x externer IR-Sensor<br \/>\n1x Fernbedienung<br \/>\n1x HDMI-Kabel<br \/>\n2x Batterien (AA)<br \/>\n1x Bedienungsanleitung<br \/>\n1x Netzteil (100-240V\/12V)<\/p>","protected":false},"excerpt":{"rendered":"<p>Mit dem PULSe 4K erhalten Sie einen mit 15.000 DMIPS (Quad Core Prozessor) sehr leistungsf\u00e4higen Enigma2 Receiver, dessen Features und Funktionen Sie [&hellip;]<\/p>","protected":false},"featured_media":2125,"template":"","meta":[],"product_cat":[43,57,266,59],"product_tag":[],"_links":{"self":[{"href":"https:\/\/satmediawp.edv-kroiss.com\/en\/wp-json\/wp\/v2\/product\/3818"}],"collection":[{"href":"https:\/\/satmediawp.edv-kroiss.com\/en\/wp-json\/wp\/v2\/product"}],"about":[{"href":"https:\/\/satmediawp.edv-kroiss.com\/en\/wp-json\/wp\/v2\/types\/product"}],"wp:featuredmedia":[{"embeddable":true,"href":"https:\/\/satmediawp.edv-kroiss.com\/en\/wp-json\/wp\/v2\/media\/2125"}],"wp:attachment":[{"href":"https:\/\/satmediawp.edv-kroiss.com\/en\/wp-json\/wp\/v2\/media?parent=3818"}],"wp:term":[{"taxonomy":"product_cat","embeddable":true,"href":"https:\/\/satmediawp.edv-kroiss.com\/en\/wp-json\/wp\/v2\/product_cat?post=3818"},{"taxonomy":"product_tag","embeddable":true,"href":"https:\/\/satmediawp.edv-kroiss.com\/en\/wp-json\/wp\/v2\/product_tag?post=3818"}],"curies":[{"name":"wp","href":"https:\/\/api.w.org\/{rel}","templated":true}]}}