{"id":3820,"date":"2024-05-16T21:24:20","date_gmt":"2024-05-16T19:24:20","guid":{"rendered":"https:\/\/satmediawp.edv-kroiss.com\/?post_type=product&#038;p=3820"},"modified":"2024-05-16T21:32:39","modified_gmt":"2024-05-16T19:32:39","slug":"vu-uno-4k-se-dual-dvb-s2x-fbc-ci-enigma2-uhd-2160p-1","status":"publish","type":"product","link":"https:\/\/satmediawp.edv-kroiss.com\/en\/product\/vu-uno-4k-se-dual-dvb-s2x-fbc-ci-enigma2-uhd-2160p-1\/","title":{"rendered":"VU+ Uno 4k SE Dual DVB-S2X FBC CI+ Enigma2 UHD 2160p"},"content":{"rendered":"<p>VU+ &#8211; das Beste was Linux zu bieten hat.<\/p>\n<p>Wir pr\u00e4sentieren den Preis\/Leistungssieger von VU+.<br \/>\nDieser 4k UHD Linux Enigma2 Receiver ist mit einem Twin DVB-S2X FBC Tuner ausgestattet. Das Herzst\u00fcck ist ein schneller 2 x 1700MHz Prozessor, 4GB Flash, 2GB RAM, 1 x Ci+ , 1 x Kartenleser, Gbit Lan Anschluss, HDMI in\/out, 2 x USB 3.0 Schnittstellen f\u00fcr PVR und vieles mehr.<\/p>\n<p><b>Was ist ein DVB-S2X FBC Twin Tuner ?<\/b><\/p>\n<p>Ein DVB-S2 FBC Twin Tuner besitzt 8 Demodulatoren.<\/p>\n<p>Bei zwei herk\u00f6mmlichen (z.B. Twin-LNB) Sat-Zuleitungen ist der Tuner mit 2 herk\u00f6mmlichen und 6 zus\u00e4tzlichen Tunern, die im Durchschleifbetrieb arbeiten, vergleichbar.<br \/>\nSie k\u00f6nnen somit <b>Sender aus 8 verschiedenen Transpondern<\/b> aus 2 unterschiedlichen Sat-Ebenen gleichzeitig ansehen, streamen oder aufnehmen!<\/p>\n<p>Im SCR-Betrieb (Unicable) mit 8 Frequenzen entspricht dies 8 herk\u00f6mmlichen Tunern, siehe Satmedia Home Systeme.<\/p>\n<p><b>Hauptmerkmale:<br \/>\n<\/b>Sehr schnelle Umschaltzeiten<br \/>\n2,4&#8243; TFT LCD Display &#8211; MiniTV<br \/>\nWebKit Browser<br \/>\nHD Transcoding<br \/>\nHbbTV<br \/>\nHDMI 2.0 Ausgang<br \/>\nHDMI 2.0 Eingang<br \/>\nGigabit LAN<br \/>\n1x Tunersteckplatz\u00a0 f\u00fcr z.B.\u00a0 DVB-S2 \/ DVB-C Full Band Capture (FBC) Tuner<br \/>\nPlug &amp; Play Wechselrahmen f\u00fcr 2,5&#8243; SATA &#8211; Festplatten (max. 10,5mm HDD-Bauh\u00f6he)<br \/>\nUSB 3.0<br \/>\nARM CPU (2x 1.700 MHz)<br \/>\neMMC Flashspeicher<br \/>\nHVEC \/ H.265 Videodekodierung<br \/>\nExternes 12 V Netzteil<br \/>\n<b><br \/>\nTechnische Highlights:<\/b><br \/>\n1.700 MHz ARM DualCore-Prozessor<br \/>\n4096 MB Flash (eMMC)<br \/>\n2048 MB DDR3 DRAM<br \/>\nGigabit LAN (10\/100\/1000 MBit\/s)<br \/>\n2,4&#8243; TFT LCD Display<br \/>\n1x DVB Common-Interface Einschub<br \/>\n1x Smartcard-Reader (Xcrypt)<br \/>\n2x USB 3.0 (R\u00fcckseite)<br \/>\nPlug &amp; Play Wechselrahmen f\u00fcr 2,5&#8243; SATA &#8211; Festplatten (max. 10,5mm HDD-Bauh\u00f6he)<br \/>\nS\/PDIF\u00a0 Audio Ausgang optisch (digital)<br \/>\n1x HDMI 2.0 Video\/Audio Ausgang (digital)<br \/>\n1x HDMI 2.0 Eingang (digital)<br \/>\nunbegrenzte Kanalliste f\u00fcr TV und Radio<br \/>\nEPG (Electronic Program Guide) Unterst\u00fctzung<br \/>\nUnterst\u00fctzung von Bouquet-Listen (Favoritenlisten)<br \/>\nOSD in vielen Sprachen<br \/>\nAussehen der Benutzeroberfl\u00e4che vielf\u00e4ltig anpassbar (Skin-Unterst\u00fctzung)<br \/>\nErweiterbar durch viele kostenfreie Plugins (Apps)<br \/>\nautomatischer \/ manueller Kanalsuchlauf<br \/>\nDiSEqC 1.0\/1.1\/1.2, USALS<br \/>\nSCR \/ CSS (EN50494 &amp; EN50607)<br \/>\nExternes 12 Volt Netzteil<br \/>\nNetzschalter<br \/>\nRS232 &#8211; Serviceschnittstelle<br \/>\nkostenfreie Apps f\u00fcr iOS und Android verf\u00fcgbar<br \/>\n<b><br \/>\nVideodekodierung:<\/b><br \/>\nVideokompression HVEC \/ H.265, MPEG-2 \/ H.264 und MPEG-1 kompatibel<br \/>\nVideostandard PAL G\/ 25 Hz, NTSC<br \/>\nBildformat 4:3 \/ 16:9<br \/>\nLetterbox f\u00fcr 4:3 TV-Ger\u00e4te<\/p>\n<p><b>Ausgang Digital:<\/b><br \/>\nAbtastfrequenzen 32 kHz, 44.1 kHz, 48 kHz<br \/>\nS\/PDIF-Ausgang optisch (AC3)<br \/>\nAudiokodierung:<br \/>\nAudiokompression MPEG-1 &amp; MPEG-2 Layer I und II, MP3<br \/>\nAudio Mode Dual (main\/sub), Stereo<br \/>\nAbtastfrequenzen 32 kHz, 44.1 kHz, 48 kHz, 16 kHz, 22.05 kHz, 24 kHz<\/p>\n<p><b>Leistungsaufnahme:<\/b><br \/>\n&lt; 13W (im Betrieb, mit LNB)<br \/>\n&lt; 12W (im Betrieb, ohne LNB)<br \/>\n&lt; 0,5W (Deep-Standby-Mode)<\/p>\n<p><b>Externes Netzteil:<\/b><br \/>\nEingang: 110 &#8211; 240V AC \/ 50 &#8211; 60Hz \/ 1,0A<br \/>\nAusgang: 12V = \/ 3,0A<\/p>\n<p><b>Allgemeines:<\/b><br \/>\nUmgebungstemperatur +15\u00b0C&#8230;+35\u00b0C<br \/>\nLuftfeuchtigkeit &lt; 80%<br \/>\nAbmessungen (B x T x H): 280 mm x 222 mm x 50 mm<br \/>\nGewicht: 1,4 kg<\/p>\n<p><b>Scope of delivery:<\/b><br \/>\n1x VU+ Uno 4K SE UHD Receiver<br \/>\n1x Fernbedienung<br \/>\n1x Quickmanual (deutsch \/ englisch)<br \/>\n1x externer IR-Empf\u00e4nger<br \/>\n1x HDMI Kabel<br \/>\n2x Batterien (AA)<br \/>\n1x Netzteil (110-240V \/ 12V)<\/p>","protected":false},"excerpt":{"rendered":"<p>VU+ &#8211; das Beste was Linux zu bieten hat. Wir pr\u00e4sentieren den Preis\/Leistungssieger von VU+. Dieser 4k UHD Linux Enigma2 Receiver ist [&hellip;]<\/p>","protected":false},"featured_media":1852,"template":"","meta":[],"product_cat":[43,57],"product_tag":[],"_links":{"self":[{"href":"https:\/\/satmediawp.edv-kroiss.com\/en\/wp-json\/wp\/v2\/product\/3820"}],"collection":[{"href":"https:\/\/satmediawp.edv-kroiss.com\/en\/wp-json\/wp\/v2\/product"}],"about":[{"href":"https:\/\/satmediawp.edv-kroiss.com\/en\/wp-json\/wp\/v2\/types\/product"}],"wp:featuredmedia":[{"embeddable":true,"href":"https:\/\/satmediawp.edv-kroiss.com\/en\/wp-json\/wp\/v2\/media\/1852"}],"wp:attachment":[{"href":"https:\/\/satmediawp.edv-kroiss.com\/en\/wp-json\/wp\/v2\/media?parent=3820"}],"wp:term":[{"taxonomy":"product_cat","embeddable":true,"href":"https:\/\/satmediawp.edv-kroiss.com\/en\/wp-json\/wp\/v2\/product_cat?post=3820"},{"taxonomy":"product_tag","embeddable":true,"href":"https:\/\/satmediawp.edv-kroiss.com\/en\/wp-json\/wp\/v2\/product_tag?post=3820"}],"curies":[{"name":"wp","href":"https:\/\/api.w.org\/{rel}","templated":true}]}}