{"id":637,"date":"2001-11-20T00:00:00","date_gmt":"2001-11-20T00:00:00","guid":{"rendered":"https:\/\/satmediawp.edv-kroiss.com\/produkt\/conax-cam-dual-decoding-4k-uhd-ready\/"},"modified":"2024-05-17T11:21:22","modified_gmt":"2024-05-17T09:21:22","slug":"conax-cam-dual-decoding-4k-uhd-ready","status":"publish","type":"product","link":"https:\/\/satmediawp.edv-kroiss.com\/en\/product\/conax-cam-dual-decoding-4k-uhd-ready\/","title":{"rendered":"CONAX CAM Dual Decoding 4k\/UHD-Ready"},"content":{"rendered":"<p>CONAX CAM inkl. Dual Decoding f\u00fcr den Betrieb von Smartcards mit Conax-Verschl\u00fcsselung, UHD, HDTV und 3D geeignet.<br \/>Aufnahme + Wiedergabe von 2 verschl\u00fcsselten Sendern m\u00f6glich!<br \/>Geeignet f\u00fcr alle Empfangswege (DVB-T, DVB-S und DVB-C)<br \/>Unterst\u00fctzt s\u00e4mtliche CONAX-Standards<br \/>CONAX benutzen u.a.: viele Kabelnetzbetreiber in Deutschland, \u00d6sterreich und der Schweiz<br \/>Lieferumfang:CAM-Modul<\/p>","protected":false},"excerpt":{"rendered":"<p>CONAX CAM inkl. Dual Decoding f\u00fcr den Betrieb von Smartcards mit Conax-Verschl\u00fcsselung, UHD, HDTV und 3D geeignet.Aufnahme + Wiedergabe von 2 verschl\u00fcsselten [&hellip;]<\/p>","protected":false},"featured_media":636,"template":"","meta":[],"product_cat":[45,92],"product_tag":[],"_links":{"self":[{"href":"https:\/\/satmediawp.edv-kroiss.com\/en\/wp-json\/wp\/v2\/product\/637"}],"collection":[{"href":"https:\/\/satmediawp.edv-kroiss.com\/en\/wp-json\/wp\/v2\/product"}],"about":[{"href":"https:\/\/satmediawp.edv-kroiss.com\/en\/wp-json\/wp\/v2\/types\/product"}],"wp:featuredmedia":[{"embeddable":true,"href":"https:\/\/satmediawp.edv-kroiss.com\/en\/wp-json\/wp\/v2\/media\/636"}],"wp:attachment":[{"href":"https:\/\/satmediawp.edv-kroiss.com\/en\/wp-json\/wp\/v2\/media?parent=637"}],"wp:term":[{"taxonomy":"product_cat","embeddable":true,"href":"https:\/\/satmediawp.edv-kroiss.com\/en\/wp-json\/wp\/v2\/product_cat?post=637"},{"taxonomy":"product_tag","embeddable":true,"href":"https:\/\/satmediawp.edv-kroiss.com\/en\/wp-json\/wp\/v2\/product_tag?post=637"}],"curies":[{"name":"wp","href":"https:\/\/api.w.org\/{rel}","templated":true}]}}