{"id":662,"date":"2002-03-19T00:00:00","date_gmt":"2002-03-19T00:00:00","guid":{"rendered":"https:\/\/satmediawp.edv-kroiss.com\/produkt\/video-sender-inkl-ir-auge\/"},"modified":"2024-05-17T11:24:37","modified_gmt":"2024-05-17T09:24:37","slug":"video-sender-inkl-ir-auge","status":"publish","type":"product","link":"https:\/\/satmediawp.edv-kroiss.com\/en\/product\/video-sender-inkl-ir-auge\/","title":{"rendered":"Video Sender inkl. IR-Auge"},"content":{"rendered":"<p>Sende-\/ Empfangssystem f\u00fcr die drahtlose \u00dcbertragung von Audio\/Video +Fernbedienungssignalen.<br \/>\nSendet drahtlos Audio- Videosignale vom SAT-Receiver, Videorecorder, DVD, Videokamera, Computer(mit Videoausgang), CD-Player usw. zu TV-Ger\u00e4ten, Stereoanlage oder PCs in anderen R\u00e4umen.<br \/>\nZus\u00e4tzlich werden die Fernbedienungssignale \u00fcbertragen, soda\u00df mit der normalen Fernbedienung die Funktionen des SAT-Receivers, Videorecorder, DVD, HiFi usw. auf Distanz kontrolliert werden k\u00f6nnen.<\/p>","protected":false},"excerpt":{"rendered":"<p>Sende-\/ Empfangssystem f\u00fcr die drahtlose \u00dcbertragung von Audio\/Video +Fernbedienungssignalen. Sendet drahtlos Audio- Videosignale vom SAT-Receiver, Videorecorder, DVD, Videokamera, Computer(mit Videoausgang), CD-Player usw. [&hellip;]<\/p>","protected":false},"featured_media":661,"template":"","meta":[],"product_cat":[50,100],"product_tag":[],"_links":{"self":[{"href":"https:\/\/satmediawp.edv-kroiss.com\/en\/wp-json\/wp\/v2\/product\/662"}],"collection":[{"href":"https:\/\/satmediawp.edv-kroiss.com\/en\/wp-json\/wp\/v2\/product"}],"about":[{"href":"https:\/\/satmediawp.edv-kroiss.com\/en\/wp-json\/wp\/v2\/types\/product"}],"wp:featuredmedia":[{"embeddable":true,"href":"https:\/\/satmediawp.edv-kroiss.com\/en\/wp-json\/wp\/v2\/media\/661"}],"wp:attachment":[{"href":"https:\/\/satmediawp.edv-kroiss.com\/en\/wp-json\/wp\/v2\/media?parent=662"}],"wp:term":[{"taxonomy":"product_cat","embeddable":true,"href":"https:\/\/satmediawp.edv-kroiss.com\/en\/wp-json\/wp\/v2\/product_cat?post=662"},{"taxonomy":"product_tag","embeddable":true,"href":"https:\/\/satmediawp.edv-kroiss.com\/en\/wp-json\/wp\/v2\/product_tag?post=662"}],"curies":[{"name":"wp","href":"https:\/\/api.w.org\/{rel}","templated":true}]}}