{"id":673,"date":"2002-09-16T00:00:00","date_gmt":"2002-09-16T00:00:00","guid":{"rendered":"https:\/\/satmediawp.edv-kroiss.com\/produkt\/evo-twin-lnb-alps-edition-40mm\/"},"modified":"2024-05-17T13:43:05","modified_gmt":"2024-05-17T11:43:05","slug":"evo-twin-lnb-alps-edition-40mm","status":"publish","type":"product","link":"https:\/\/satmediawp.edv-kroiss.com\/en\/product\/evo-twin-lnb-alps-edition-40mm\/","title":{"rendered":"EVO Twin LNB Alps Edition 40mm"},"content":{"rendered":"<p>Das schmalste UHD 4k Twin LNB mit 40mm Feedaufnahme auf dem Markt ideal geeignet f\u00fcr Multifeed-Anlagen.  (zB Astra, Eutelsat 16\u00b0, Hotbird)<br \/>Witterungsbest\u00e4ndiges LNB dank vollst\u00e4ndigem HARTPLASTIK Geh\u00e4use!<br \/>LNB ist geeignet f\u00fcr DVB-S\/S2<br \/>F\u00fcr den direkten Anschluss an 2 Receiver.<br \/>min. Rauschma\u00df: 0,1db<br \/>Rauschma\u00df durchschnitt: 0,3db<\/p>","protected":false},"excerpt":{"rendered":"<p>Das schmalste UHD 4k Twin LNB mit 40mm Feedaufnahme auf dem Markt ideal geeignet f\u00fcr Multifeed-Anlagen. (zB Astra, Eutelsat 16\u00b0, Hotbird)Witterungsbest\u00e4ndiges LNB [&hellip;]<\/p>","protected":false},"featured_media":672,"template":"","meta":[],"product_cat":[47,105],"product_tag":[],"_links":{"self":[{"href":"https:\/\/satmediawp.edv-kroiss.com\/en\/wp-json\/wp\/v2\/product\/673"}],"collection":[{"href":"https:\/\/satmediawp.edv-kroiss.com\/en\/wp-json\/wp\/v2\/product"}],"about":[{"href":"https:\/\/satmediawp.edv-kroiss.com\/en\/wp-json\/wp\/v2\/types\/product"}],"wp:featuredmedia":[{"embeddable":true,"href":"https:\/\/satmediawp.edv-kroiss.com\/en\/wp-json\/wp\/v2\/media\/672"}],"wp:attachment":[{"href":"https:\/\/satmediawp.edv-kroiss.com\/en\/wp-json\/wp\/v2\/media?parent=673"}],"wp:term":[{"taxonomy":"product_cat","embeddable":true,"href":"https:\/\/satmediawp.edv-kroiss.com\/en\/wp-json\/wp\/v2\/product_cat?post=673"},{"taxonomy":"product_tag","embeddable":true,"href":"https:\/\/satmediawp.edv-kroiss.com\/en\/wp-json\/wp\/v2\/product_tag?post=673"}],"curies":[{"name":"wp","href":"https:\/\/api.w.org\/{rel}","templated":true}]}}