{"id":677,"date":"2002-09-25T00:00:00","date_gmt":"2002-09-25T00:00:00","guid":{"rendered":"https:\/\/satmediawp.edv-kroiss.com\/produkt\/amiko-dm-3800-stab-motor-diseqc-metallgetriebe-spielausgleich\/"},"modified":"2024-05-17T11:20:28","modified_gmt":"2024-05-17T09:20:28","slug":"amiko-dm-3800-stab-motor-diseqc-metallgetriebe-spielausgleich","status":"publish","type":"product","link":"https:\/\/satmediawp.edv-kroiss.com\/en\/product\/amiko-dm-3800-stab-motor-diseqc-metallgetriebe-spielausgleich\/","title":{"rendered":"Amiko DM 3800 Stab Motor DiseqC Metallgetriebe\/Spielausgleich"},"content":{"rendered":"<p>Motor der neuesten Profi-Generation mit Metallgetriebe und automatischen Spielausgleich f\u00fcr DiseqC 1.2 \/ USALS Go To X! <br \/>Dieser Motor ben\u00f6tigt keine externe Stromversorgung und kein Steuerkabel. Strom-Speisung direkt \u00fcber das Koax Kabel! Antennen Gr\u00f6\u00dfe von 35-140 cm m\u00f6glich.<br \/>Ger\u00e4uscharm mit +\/- 80\u00b0 Schwenkbereich<br \/>Manuell Steuerbar (Ost\/West) am Motor!! <br \/>Ost \/ West Limit     Einfach zu installieren.<\/p>\n<p><b> \tTechnische Daten :<\/b><\/p>\n<p>Metallgetriebe + Metallgeh\u00e4use!<br \/>Spielfreie <span id=\"result_box\" class=\"short_text\" lang=\"de\"><span class=\"\">Pr\u00e4zision \/ Spielausgleich<\/span><\/span><br \/>DiSEqC 1.2\/USALS signal control<br \/> \tCompatible Receiver: Receiver mit DiSEqC 1.2\/USALS oder Interface Box<br \/> \tF-type Connection<br \/> \tAntennen-Gr\u00f6\u00dfe: Max 140 cm<br \/> \tGeschwindigkeit: 1.9\u00b0 \/ sec (at 13V), 2.5\u00b0 \/ sec (at 18V)<br \/> \tElevation Angle: 25 ~ 75\u00b0<br \/> \tInput\/Output Voltage: 13\/18 V DC<br \/> \tPower Consumption: 50mA (Stand-by), 200mA (Normal), 350mA (Max.)<br \/> \tAnzahl der zu speichernde Satelliten-Positionen: 60 Positionen<br \/> \tAzimuth Angle: 80\u00b0 East ~ 80\u00b0 West<br \/> \tCalibration Function: Yes ( Go to 0\u00b0)<br \/> \tGoto X Funktion<br \/> \tManuelle Tasten (East\/West) <br \/> \tLed-Anzeige (2 Farben)<br \/> \tGrenzschutz: 1. Adjustable hardware limits, 2. Programmable software limits, 3. Current limit<br \/> \tPositioning Sensor: High Resolution Hall Effect Sensor<br \/>Gewicht: 3.1Kg<\/p>","protected":false},"excerpt":{"rendered":"<p>Motor der neuesten Profi-Generation mit Metallgetriebe und automatischen Spielausgleich f\u00fcr DiseqC 1.2 \/ USALS Go To X! Dieser Motor ben\u00f6tigt keine externe [&hellip;]<\/p>","protected":false},"featured_media":676,"template":"","meta":[],"product_cat":[46,119],"product_tag":[],"_links":{"self":[{"href":"https:\/\/satmediawp.edv-kroiss.com\/en\/wp-json\/wp\/v2\/product\/677"}],"collection":[{"href":"https:\/\/satmediawp.edv-kroiss.com\/en\/wp-json\/wp\/v2\/product"}],"about":[{"href":"https:\/\/satmediawp.edv-kroiss.com\/en\/wp-json\/wp\/v2\/types\/product"}],"wp:featuredmedia":[{"embeddable":true,"href":"https:\/\/satmediawp.edv-kroiss.com\/en\/wp-json\/wp\/v2\/media\/676"}],"wp:attachment":[{"href":"https:\/\/satmediawp.edv-kroiss.com\/en\/wp-json\/wp\/v2\/media?parent=677"}],"wp:term":[{"taxonomy":"product_cat","embeddable":true,"href":"https:\/\/satmediawp.edv-kroiss.com\/en\/wp-json\/wp\/v2\/product_cat?post=677"},{"taxonomy":"product_tag","embeddable":true,"href":"https:\/\/satmediawp.edv-kroiss.com\/en\/wp-json\/wp\/v2\/product_tag?post=677"}],"curies":[{"name":"wp","href":"https:\/\/api.w.org\/{rel}","templated":true}]}}