{"id":692,"date":"2002-12-16T00:00:00","date_gmt":"2002-12-16T00:00:00","guid":{"rendered":"https:\/\/satmediawp.edv-kroiss.com\/produkt\/single-lnb-01-db-uhd-55db-verstaerkung\/"},"modified":"2024-05-17T11:21:17","modified_gmt":"2024-05-17T09:21:17","slug":"single-lnb-01-db-uhd-55db-verstaerkung","status":"publish","type":"product","link":"https:\/\/satmediawp.edv-kroiss.com\/en\/product\/single-lnb-01-db-uhd-55db-verstaerkung\/","title":{"rendered":"Single LNB 0.1 dB UHD \u2013 55db gain"},"content":{"rendered":"<p>Kosteng\u00fcnstiges Universal Single mit 55db Verst\u00e4rkung &#8211; geeignet f\u00fcr UHD\/FullHD!!  <br \/>Excellente Empfangsqualit\u00e4t durch das niedrige Rauschmass von nur 0,1dB!  <br \/>Feedaufnahme 40 mm, wetterfestes Geh\u00e4use.<\/p>","protected":false},"excerpt":{"rendered":"<p>Kosteng\u00fcnstiges Universal Single mit 55db Verst\u00e4rkung &#8211; geeignet f\u00fcr UHD\/FullHD!! Excellente Empfangsqualit\u00e4t durch das niedrige Rauschmass von nur 0,1dB! Feedaufnahme 40 mm, [&hellip;]<\/p>","protected":false},"featured_media":691,"template":"","meta":[],"product_cat":[47,104],"product_tag":[],"_links":{"self":[{"href":"https:\/\/satmediawp.edv-kroiss.com\/en\/wp-json\/wp\/v2\/product\/692"}],"collection":[{"href":"https:\/\/satmediawp.edv-kroiss.com\/en\/wp-json\/wp\/v2\/product"}],"about":[{"href":"https:\/\/satmediawp.edv-kroiss.com\/en\/wp-json\/wp\/v2\/types\/product"}],"wp:featuredmedia":[{"embeddable":true,"href":"https:\/\/satmediawp.edv-kroiss.com\/en\/wp-json\/wp\/v2\/media\/691"}],"wp:attachment":[{"href":"https:\/\/satmediawp.edv-kroiss.com\/en\/wp-json\/wp\/v2\/media?parent=692"}],"wp:term":[{"taxonomy":"product_cat","embeddable":true,"href":"https:\/\/satmediawp.edv-kroiss.com\/en\/wp-json\/wp\/v2\/product_cat?post=692"},{"taxonomy":"product_tag","embeddable":true,"href":"https:\/\/satmediawp.edv-kroiss.com\/en\/wp-json\/wp\/v2\/product_tag?post=692"}],"curies":[{"name":"wp","href":"https:\/\/api.w.org\/{rel}","templated":true}]}}