{"id":700,"date":"2003-06-16T08:49:48","date_gmt":"2003-06-16T08:49:48","guid":{"rendered":"https:\/\/satmediawp.edv-kroiss.com\/produkt\/interne-hdd-160-0-gb-ide\/"},"modified":"2024-05-17T11:21:15","modified_gmt":"2024-05-17T09:21:15","slug":"interne-hdd-160-0-gb-ide","status":"publish","type":"product","link":"https:\/\/satmediawp.edv-kroiss.com\/en\/product\/interne-hdd-160-0-gb-ide\/","title":{"rendered":"Interne HDD 160.0 GB IDE"},"content":{"rendered":"<p>Digital PVR Receiver HDDs mit 160GB Speichergr\u00f6\u00dfe f\u00fcr ca. 88 Stunden Aufnahmekapazit\u00e4t.<\/p>","protected":false},"excerpt":{"rendered":"<p>Digital PVR Receiver HDDs mit 160GB Speichergr\u00f6\u00dfe f\u00fcr ca. 88 Stunden Aufnahmekapazit\u00e4t.<\/p>","protected":false},"featured_media":699,"template":"","meta":[],"product_cat":[50,96],"product_tag":[],"_links":{"self":[{"href":"https:\/\/satmediawp.edv-kroiss.com\/en\/wp-json\/wp\/v2\/product\/700"}],"collection":[{"href":"https:\/\/satmediawp.edv-kroiss.com\/en\/wp-json\/wp\/v2\/product"}],"about":[{"href":"https:\/\/satmediawp.edv-kroiss.com\/en\/wp-json\/wp\/v2\/types\/product"}],"wp:featuredmedia":[{"embeddable":true,"href":"https:\/\/satmediawp.edv-kroiss.com\/en\/wp-json\/wp\/v2\/media\/699"}],"wp:attachment":[{"href":"https:\/\/satmediawp.edv-kroiss.com\/en\/wp-json\/wp\/v2\/media?parent=700"}],"wp:term":[{"taxonomy":"product_cat","embeddable":true,"href":"https:\/\/satmediawp.edv-kroiss.com\/en\/wp-json\/wp\/v2\/product_cat?post=700"},{"taxonomy":"product_tag","embeddable":true,"href":"https:\/\/satmediawp.edv-kroiss.com\/en\/wp-json\/wp\/v2\/product_tag?post=700"}],"curies":[{"name":"wp","href":"https:\/\/api.w.org\/{rel}","templated":true}]}}