{"id":701,"date":"2003-06-24T19:41:04","date_gmt":"2003-06-24T19:41:04","guid":{"rendered":"https:\/\/satmediawp.edv-kroiss.com\/produkt\/multifeedhalterung-3x-fuer-65-85-100er-gibertini\/"},"modified":"2024-05-17T11:21:14","modified_gmt":"2024-05-17T09:21:14","slug":"multifeedhalterung-3x-fuer-65-85-100er-gibertini","status":"publish","type":"product","link":"https:\/\/satmediawp.edv-kroiss.com\/en\/product\/multifeedhalterung-3x-fuer-65-85-100er-gibertini\/","title":{"rendered":"Multifeedhalterung 3x f\u00fcr 65\/85\/100er Gibertini"},"content":{"rendered":"<p>Halterung f\u00fcr 3 LNBs f\u00fcr Gibertini Antennen bis 100cm mit langer F\u00fchrungsschiene.  <br \/>Dank Universal-Halterung ist die Schiene auch f\u00fcr fast alle anderen Sat-Antennen verwendbar.<\/p>","protected":false},"excerpt":{"rendered":"<p>Halterung f\u00fcr 3 LNBs f\u00fcr Gibertini Antennen bis 100cm mit langer F\u00fchrungsschiene. Dank Universal-Halterung ist die Schiene auch f\u00fcr fast alle anderen [&hellip;]<\/p>","protected":false},"featured_media":593,"template":"","meta":[],"product_cat":[46,120,47,109],"product_tag":[],"_links":{"self":[{"href":"https:\/\/satmediawp.edv-kroiss.com\/en\/wp-json\/wp\/v2\/product\/701"}],"collection":[{"href":"https:\/\/satmediawp.edv-kroiss.com\/en\/wp-json\/wp\/v2\/product"}],"about":[{"href":"https:\/\/satmediawp.edv-kroiss.com\/en\/wp-json\/wp\/v2\/types\/product"}],"wp:featuredmedia":[{"embeddable":true,"href":"https:\/\/satmediawp.edv-kroiss.com\/en\/wp-json\/wp\/v2\/media\/593"}],"wp:attachment":[{"href":"https:\/\/satmediawp.edv-kroiss.com\/en\/wp-json\/wp\/v2\/media?parent=701"}],"wp:term":[{"taxonomy":"product_cat","embeddable":true,"href":"https:\/\/satmediawp.edv-kroiss.com\/en\/wp-json\/wp\/v2\/product_cat?post=701"},{"taxonomy":"product_tag","embeddable":true,"href":"https:\/\/satmediawp.edv-kroiss.com\/en\/wp-json\/wp\/v2\/product_tag?post=701"}],"curies":[{"name":"wp","href":"https:\/\/api.w.org\/{rel}","templated":true}]}}