{"id":716,"date":"2003-11-05T09:38:27","date_gmt":"2003-11-05T09:38:27","guid":{"rendered":"https:\/\/satmediawp.edv-kroiss.com\/produkt\/multischalter-amiko-9-8-uhd-kaskadierbar\/"},"modified":"2024-05-17T11:21:10","modified_gmt":"2024-05-17T09:21:10","slug":"multischalter-amiko-9-8-uhd-kaskadierbar","status":"publish","type":"product","link":"https:\/\/satmediawp.edv-kroiss.com\/en\/product\/multischalter-amiko-9-8-uhd-kaskadierbar\/","title":{"rendered":"Multischalter Amiko 9\/8 UHD KASKADIERBAR"},"content":{"rendered":"<p>2 Satelliten auf 8 Teilnehmer 9in\/8out Standalone-Vertriebssysteme. <br \/>Dieser  Multischalter ist f\u00fcr die   Verteilung von 8 SAT-ZF-Ebenen  einschlie\u00dflich aktiver Terrestrik f\u00fcr bis zu 8   Teilnehmer geeignet. <\/p>\n<p>Das kurzschlusssichere Hochleistungs-Stromsparnetzteil   versorgt auch problemlos die einfachsten LNBs. <br \/>Der Multischalter ist Quad LNB (Quattro-Switch)   tauglich.    <br \/>Die Premium Line wurde f\u00fcr den anspruchsvollen Anwender entwickelt. <\/p>","protected":false},"excerpt":{"rendered":"<p>2 Satelliten auf 8 Teilnehmer 9in\/8out Standalone-Vertriebssysteme. Dieser Multischalter ist f\u00fcr die Verteilung von 8 SAT-ZF-Ebenen einschlie\u00dflich aktiver Terrestrik f\u00fcr bis zu [&hellip;]<\/p>","protected":false},"featured_media":715,"template":"","meta":[],"product_cat":[48,125],"product_tag":[],"_links":{"self":[{"href":"https:\/\/satmediawp.edv-kroiss.com\/en\/wp-json\/wp\/v2\/product\/716"}],"collection":[{"href":"https:\/\/satmediawp.edv-kroiss.com\/en\/wp-json\/wp\/v2\/product"}],"about":[{"href":"https:\/\/satmediawp.edv-kroiss.com\/en\/wp-json\/wp\/v2\/types\/product"}],"wp:featuredmedia":[{"embeddable":true,"href":"https:\/\/satmediawp.edv-kroiss.com\/en\/wp-json\/wp\/v2\/media\/715"}],"wp:attachment":[{"href":"https:\/\/satmediawp.edv-kroiss.com\/en\/wp-json\/wp\/v2\/media?parent=716"}],"wp:term":[{"taxonomy":"product_cat","embeddable":true,"href":"https:\/\/satmediawp.edv-kroiss.com\/en\/wp-json\/wp\/v2\/product_cat?post=716"},{"taxonomy":"product_tag","embeddable":true,"href":"https:\/\/satmediawp.edv-kroiss.com\/en\/wp-json\/wp\/v2\/product_tag?post=716"}],"curies":[{"name":"wp","href":"https:\/\/api.w.org\/{rel}","templated":true}]}}