{"id":739,"date":"2004-06-22T16:14:39","date_gmt":"2004-06-22T16:14:39","guid":{"rendered":"https:\/\/satmediawp.edv-kroiss.com\/produkt\/receiver-dreambox-linux-enigma2-bootloader-netzteil-reparatur-reparaturbonus\/"},"modified":"2024-05-17T11:21:06","modified_gmt":"2024-05-17T09:21:06","slug":"receiver-dreambox-linux-enigma2-bootloader-netzteil-reparatur-reparaturbonus","status":"publish","type":"product","link":"https:\/\/satmediawp.edv-kroiss.com\/en\/product\/receiver-dreambox-linux-enigma2-bootloader-netzteil-reparatur-reparaturbonus\/","title":{"rendered":"Receiver\/Dreambox\/Linux\/Enigma2\/Bootloader\/Netzteil Reparatur Reparaturbonus"},"content":{"rendered":"<p>Jetzt mit dem <a href=\"https:\/\/www.reparaturbonus.at\/\" target=\"_blank\" rel=\"noopener\">Reparaturbonus.at<\/a> 50% Rabatt sichern.<\/p>\n<p>Wir reparieren Receiver aller g\u00e4ngigen Marken.<br \/> Dreambox, VU+, Clarke-Tech, X-Trend, Relook, Gigablue, AB IPBox, Optibox usw&#8230;<\/p>\n<p>Senden Sie uns das Ger\u00e4t f\u00fcr einen <b>kostenlosen Kostenvoranschlag.<\/b><\/p>\n<p>Falls eine Reparatur m\u00f6glich ist, kostet diese 50\u20ac (*) + Retourversand.<br \/>Ist keine Reparatur m\u00f6glich, entstehen nur die Kosten des Retourversands, falls das Ger\u00e4t zur\u00fcckgesendet werden soll.<\/p>\n<p>* Der Preis beinhaltet bereits den Reparaturbonus!<\/p>","protected":false},"excerpt":{"rendered":"<p>Jetzt mit dem Reparaturbonus.at 50% Rabatt sichern. Wir reparieren Receiver aller g\u00e4ngigen Marken. Dreambox, VU+, Clarke-Tech, X-Trend, Relook, Gigablue, AB IPBox, Optibox [&hellip;]<\/p>","protected":false},"featured_media":738,"template":"","meta":[],"product_cat":[50,97],"product_tag":[],"_links":{"self":[{"href":"https:\/\/satmediawp.edv-kroiss.com\/en\/wp-json\/wp\/v2\/product\/739"}],"collection":[{"href":"https:\/\/satmediawp.edv-kroiss.com\/en\/wp-json\/wp\/v2\/product"}],"about":[{"href":"https:\/\/satmediawp.edv-kroiss.com\/en\/wp-json\/wp\/v2\/types\/product"}],"wp:featuredmedia":[{"embeddable":true,"href":"https:\/\/satmediawp.edv-kroiss.com\/en\/wp-json\/wp\/v2\/media\/738"}],"wp:attachment":[{"href":"https:\/\/satmediawp.edv-kroiss.com\/en\/wp-json\/wp\/v2\/media?parent=739"}],"wp:term":[{"taxonomy":"product_cat","embeddable":true,"href":"https:\/\/satmediawp.edv-kroiss.com\/en\/wp-json\/wp\/v2\/product_cat?post=739"},{"taxonomy":"product_tag","embeddable":true,"href":"https:\/\/satmediawp.edv-kroiss.com\/en\/wp-json\/wp\/v2\/product_tag?post=739"}],"curies":[{"name":"wp","href":"https:\/\/api.w.org\/{rel}","templated":true}]}}