{"id":762,"date":"2005-01-05T08:06:44","date_gmt":"2005-01-05T08:06:44","guid":{"rendered":"https:\/\/satmediawp.edv-kroiss.com\/produkt\/koaxial-zu-optisch-audio-signalwandler\/"},"modified":"2024-05-17T13:43:10","modified_gmt":"2024-05-17T11:43:10","slug":"koaxial-zu-optisch-audio-signalwandler","status":"publish","type":"product","link":"https:\/\/satmediawp.edv-kroiss.com\/en\/product\/koaxial-zu-optisch-audio-signalwandler\/","title":{"rendered":"Koaxial zu Optisch Audio Signalwandler"},"content":{"rendered":"<p>Wandelt digitales, elektrisches Audiosignal (koaxiale Cinch-Buchse) in eine digitales, optisches Signal (Toslink) um. <br \/>Erm\u00f6glicht dadurch das Verbinden von Ger\u00e4ten mit digitalem Koaxialausgang an einen Verst\u00e4rker oder DAT-Recorder mit optischem Digital-Eingang.<br \/>Spannungsversorgung erfolgt \u00fcber externen Netzadapter (im Lieferumfang).<\/p>","protected":false},"excerpt":{"rendered":"<p>Wandelt digitales, elektrisches Audiosignal (koaxiale Cinch-Buchse) in eine digitales, optisches Signal (Toslink) um. Erm\u00f6glicht dadurch das Verbinden von Ger\u00e4ten mit digitalem Koaxialausgang [&hellip;]<\/p>","protected":false},"featured_media":761,"template":"","meta":[],"product_cat":[50,100],"product_tag":[],"_links":{"self":[{"href":"https:\/\/satmediawp.edv-kroiss.com\/en\/wp-json\/wp\/v2\/product\/762"}],"collection":[{"href":"https:\/\/satmediawp.edv-kroiss.com\/en\/wp-json\/wp\/v2\/product"}],"about":[{"href":"https:\/\/satmediawp.edv-kroiss.com\/en\/wp-json\/wp\/v2\/types\/product"}],"wp:featuredmedia":[{"embeddable":true,"href":"https:\/\/satmediawp.edv-kroiss.com\/en\/wp-json\/wp\/v2\/media\/761"}],"wp:attachment":[{"href":"https:\/\/satmediawp.edv-kroiss.com\/en\/wp-json\/wp\/v2\/media?parent=762"}],"wp:term":[{"taxonomy":"product_cat","embeddable":true,"href":"https:\/\/satmediawp.edv-kroiss.com\/en\/wp-json\/wp\/v2\/product_cat?post=762"},{"taxonomy":"product_tag","embeddable":true,"href":"https:\/\/satmediawp.edv-kroiss.com\/en\/wp-json\/wp\/v2\/product_tag?post=762"}],"curies":[{"name":"wp","href":"https:\/\/api.w.org\/{rel}","templated":true}]}}