{"id":776,"date":"2005-08-02T10:15:47","date_gmt":"2005-08-02T10:15:47","guid":{"rendered":"https:\/\/satmediawp.edv-kroiss.com\/produkt\/10x1-diseqc-schalter-programmierbar\/"},"modified":"2024-05-17T11:21:00","modified_gmt":"2024-05-17T09:21:00","slug":"10x1-diseqc-schalter-programmierbar","status":"publish","type":"product","link":"https:\/\/satmediawp.edv-kroiss.com\/en\/product\/10x1-diseqc-schalter-programmierbar\/","title":{"rendered":"10&#215;1 Diseqc Schalter Programmierbar"},"content":{"rendered":"<p>Der universelle 10&#215;1 DiseqC-Schalter. <br \/>Es k\u00f6nnen 10 Satelliten gleichzeitig \u00fcber DiseqC 1.1 oder auch \u00fcber DiseqC 1.2 (via Goto x) gesteuert werden!<br \/>Ideal zum Einsatz f\u00fcr die T90 Wave Frontier Antenne! <br \/>Lieferung inkl. Installationsanleitung.<\/p>","protected":false},"excerpt":{"rendered":"<p>Der universelle 10&#215;1 DiseqC-Schalter. Es k\u00f6nnen 10 Satelliten gleichzeitig \u00fcber DiseqC 1.1 oder auch \u00fcber DiseqC 1.2 (via Goto x) gesteuert werden!Ideal [&hellip;]<\/p>","protected":false},"featured_media":775,"template":"","meta":[],"product_cat":[48,127],"product_tag":[],"_links":{"self":[{"href":"https:\/\/satmediawp.edv-kroiss.com\/en\/wp-json\/wp\/v2\/product\/776"}],"collection":[{"href":"https:\/\/satmediawp.edv-kroiss.com\/en\/wp-json\/wp\/v2\/product"}],"about":[{"href":"https:\/\/satmediawp.edv-kroiss.com\/en\/wp-json\/wp\/v2\/types\/product"}],"wp:featuredmedia":[{"embeddable":true,"href":"https:\/\/satmediawp.edv-kroiss.com\/en\/wp-json\/wp\/v2\/media\/775"}],"wp:attachment":[{"href":"https:\/\/satmediawp.edv-kroiss.com\/en\/wp-json\/wp\/v2\/media?parent=776"}],"wp:term":[{"taxonomy":"product_cat","embeddable":true,"href":"https:\/\/satmediawp.edv-kroiss.com\/en\/wp-json\/wp\/v2\/product_cat?post=776"},{"taxonomy":"product_tag","embeddable":true,"href":"https:\/\/satmediawp.edv-kroiss.com\/en\/wp-json\/wp\/v2\/product_tag?post=776"}],"curies":[{"name":"wp","href":"https:\/\/api.w.org\/{rel}","templated":true}]}}