{"id":784,"date":"2005-08-02T18:04:27","date_gmt":"2005-08-02T18:04:27","guid":{"rendered":"https:\/\/satmediawp.edv-kroiss.com\/produkt\/multischalter-17-8-externes-netzteil-kaskadierbar\/"},"modified":"2024-05-17T11:21:00","modified_gmt":"2024-05-17T09:21:00","slug":"multischalter-17-8-externes-netzteil-kaskadierbar","status":"publish","type":"product","link":"https:\/\/satmediawp.edv-kroiss.com\/en\/product\/multischalter-17-8-externes-netzteil-kaskadierbar\/","title":{"rendered":"Multischalter 17\/8 externes Netzteil Kaskadierbar"},"content":{"rendered":"<p>4 Satelliten auf 8 Teilnehmer 17in\/8out Standalone-Vertriebssysteme. <br \/>Dieser Multischalter ist f\u00fcr die   Verteilung von 16 SAT-ZF-Ebenen einschlie\u00dflich aktiver Terrestrik f\u00fcr bis zu 8   Teilnehmer geeignet. <\/p>\n<p>Das kurzschlusssichere Hochleistungs-Stromsparnetzteil   versorgt auch problemlos die einfachsten LNBs. <br \/>Der Multischalter ist Quad LNB (Quattro-Switch)   tauglich.    <br \/>Die Premium Line wurde f\u00fcr den anspruchsvollen Anwender entwickelt. <\/p>","protected":false},"excerpt":{"rendered":"<p>4 Satelliten auf 8 Teilnehmer 17in\/8out Standalone-Vertriebssysteme. Dieser Multischalter ist f\u00fcr die Verteilung von 16 SAT-ZF-Ebenen einschlie\u00dflich aktiver Terrestrik f\u00fcr bis zu [&hellip;]<\/p>","protected":false},"featured_media":783,"template":"","meta":[],"product_cat":[48,126],"product_tag":[],"_links":{"self":[{"href":"https:\/\/satmediawp.edv-kroiss.com\/en\/wp-json\/wp\/v2\/product\/784"}],"collection":[{"href":"https:\/\/satmediawp.edv-kroiss.com\/en\/wp-json\/wp\/v2\/product"}],"about":[{"href":"https:\/\/satmediawp.edv-kroiss.com\/en\/wp-json\/wp\/v2\/types\/product"}],"wp:featuredmedia":[{"embeddable":true,"href":"https:\/\/satmediawp.edv-kroiss.com\/en\/wp-json\/wp\/v2\/media\/783"}],"wp:attachment":[{"href":"https:\/\/satmediawp.edv-kroiss.com\/en\/wp-json\/wp\/v2\/media?parent=784"}],"wp:term":[{"taxonomy":"product_cat","embeddable":true,"href":"https:\/\/satmediawp.edv-kroiss.com\/en\/wp-json\/wp\/v2\/product_cat?post=784"},{"taxonomy":"product_tag","embeddable":true,"href":"https:\/\/satmediawp.edv-kroiss.com\/en\/wp-json\/wp\/v2\/product_tag?post=784"}],"curies":[{"name":"wp","href":"https:\/\/api.w.org\/{rel}","templated":true}]}}