{"id":799,"date":"2006-01-13T13:43:16","date_gmt":"2006-01-13T13:43:16","guid":{"rendered":"https:\/\/satmediawp.edv-kroiss.com\/produkt\/multifeedhalterung-4x-fuer-65-85-100er-gibertini\/"},"modified":"2024-05-17T11:20:58","modified_gmt":"2024-05-17T09:20:58","slug":"multifeedhalterung-4x-fuer-65-85-100er-gibertini","status":"publish","type":"product","link":"https:\/\/satmediawp.edv-kroiss.com\/en\/product\/multifeedhalterung-4x-fuer-65-85-100er-gibertini\/","title":{"rendered":"Multifeedhalterung 4x f\u00fcr 65\/85\/100er Gibertini"},"content":{"rendered":"<p>Halterung f\u00fcr 4 LNBs f\u00fcr Gibertini Antennen bis 100cm mit langer F\u00fchrungsschiene.  <br \/>Dank Universal-Halterung ist die Schiene auch f\u00fcr fast alle anderen Sat-Antennen verwendbar.<\/p>","protected":false},"excerpt":{"rendered":"<p>Halterung f\u00fcr 4 LNBs f\u00fcr Gibertini Antennen bis 100cm mit langer F\u00fchrungsschiene. Dank Universal-Halterung ist die Schiene auch f\u00fcr fast alle anderen [&hellip;]<\/p>","protected":false},"featured_media":798,"template":"","meta":[],"product_cat":[46,120,47,109],"product_tag":[],"_links":{"self":[{"href":"https:\/\/satmediawp.edv-kroiss.com\/en\/wp-json\/wp\/v2\/product\/799"}],"collection":[{"href":"https:\/\/satmediawp.edv-kroiss.com\/en\/wp-json\/wp\/v2\/product"}],"about":[{"href":"https:\/\/satmediawp.edv-kroiss.com\/en\/wp-json\/wp\/v2\/types\/product"}],"wp:featuredmedia":[{"embeddable":true,"href":"https:\/\/satmediawp.edv-kroiss.com\/en\/wp-json\/wp\/v2\/media\/798"}],"wp:attachment":[{"href":"https:\/\/satmediawp.edv-kroiss.com\/en\/wp-json\/wp\/v2\/media?parent=799"}],"wp:term":[{"taxonomy":"product_cat","embeddable":true,"href":"https:\/\/satmediawp.edv-kroiss.com\/en\/wp-json\/wp\/v2\/product_cat?post=799"},{"taxonomy":"product_tag","embeddable":true,"href":"https:\/\/satmediawp.edv-kroiss.com\/en\/wp-json\/wp\/v2\/product_tag?post=799"}],"curies":[{"name":"wp","href":"https:\/\/api.w.org\/{rel}","templated":true}]}}