{"id":802,"date":"2006-02-08T22:49:50","date_gmt":"2006-02-08T22:49:50","guid":{"rendered":"https:\/\/satmediawp.edv-kroiss.com\/produkt\/hdmi-hdmi-mini-kabel-15m-uhd\/"},"modified":"2024-05-17T11:20:58","modified_gmt":"2024-05-17T09:20:58","slug":"hdmi-hdmi-mini-kabel-15m-uhd","status":"publish","type":"product","link":"https:\/\/satmediawp.edv-kroiss.com\/en\/product\/hdmi-hdmi-mini-kabel-15m-uhd\/","title":{"rendered":"The HDMI\/HDMI MINI cable 1.5 m UHD"},"content":{"rendered":"<p>HDMI auf HDMI-Mini KABEL 19Pin &#8211; 19Pin   High-Definition Multimedia Interface (HDMI) ist der schnelle Anschlu\u00dfstandard f\u00fcr HDTV.   HDMI kombiniert hochaufl\u00f6sendes Bild mit Mehrkanalaudio an einer einzelnen digitalen Schnittstelle und gew\u00e4rleistet kristallklare digitale Qualit\u00e4t \u00fcber ein einziges Kabel.  HDMI bietet bedeutende Vorteile gegen\u00fcber analogen A\/V Anschl\u00fcssen, inklusive der F\u00e4higkeit, unkomprimierte digitale Video und Audio Inhalte zu \u00fcbertragen.   <\/p>\n<p>L\u00e4nge: 1,5 m   <br \/>Color: Black<\/p>","protected":false},"excerpt":{"rendered":"<p>HDMI auf HDMI-Mini KABEL 19Pin &#8211; 19Pin High-Definition Multimedia Interface (HDMI) ist der schnelle Anschlu\u00dfstandard f\u00fcr HDTV. HDMI kombiniert hochaufl\u00f6sendes Bild mit [&hellip;]<\/p>","protected":false},"featured_media":801,"template":"","meta":[],"product_cat":[50,100],"product_tag":[],"_links":{"self":[{"href":"https:\/\/satmediawp.edv-kroiss.com\/en\/wp-json\/wp\/v2\/product\/802"}],"collection":[{"href":"https:\/\/satmediawp.edv-kroiss.com\/en\/wp-json\/wp\/v2\/product"}],"about":[{"href":"https:\/\/satmediawp.edv-kroiss.com\/en\/wp-json\/wp\/v2\/types\/product"}],"wp:featuredmedia":[{"embeddable":true,"href":"https:\/\/satmediawp.edv-kroiss.com\/en\/wp-json\/wp\/v2\/media\/801"}],"wp:attachment":[{"href":"https:\/\/satmediawp.edv-kroiss.com\/en\/wp-json\/wp\/v2\/media?parent=802"}],"wp:term":[{"taxonomy":"product_cat","embeddable":true,"href":"https:\/\/satmediawp.edv-kroiss.com\/en\/wp-json\/wp\/v2\/product_cat?post=802"},{"taxonomy":"product_tag","embeddable":true,"href":"https:\/\/satmediawp.edv-kroiss.com\/en\/wp-json\/wp\/v2\/product_tag?post=802"}],"curies":[{"name":"wp","href":"https:\/\/api.w.org\/{rel}","templated":true}]}}