{"id":813,"date":"2006-05-18T15:25:54","date_gmt":"2006-05-18T15:25:54","guid":{"rendered":"https:\/\/satmediawp.edv-kroiss.com\/produkt\/hdmi-hdmi-kabel-10m-uhd-hishspeed-gold-ethernet-weiss\/"},"modified":"2024-05-17T11:20:57","modified_gmt":"2024-05-17T09:20:57","slug":"hdmi-hdmi-kabel-10m-uhd-hishspeed-gold-ethernet-weiss","status":"publish","type":"product","link":"https:\/\/satmediawp.edv-kroiss.com\/en\/product\/hdmi-hdmi-kabel-10m-uhd-hishspeed-gold-ethernet-weiss\/","title":{"rendered":"HDMI\/HDMI Kabel 10m UHD HishSpeed Gold Ethernet wei\u00df"},"content":{"rendered":"<p>HDMI KABEL 19Pin &#8211; 19Pin mit Goldkontakten und kompatibel zu HDMI 1.4 Highspeed Ethernet.  <br \/>High-Definition Multimedia Interface (HDMI) ist der schnelle Anschlu\u00dfstandard f\u00fcr HDTV. <br \/>   HDMI kombiniert hochaufl\u00f6sendes Bild mit Mehrkanalaudio an einer  einzelnen digitalen Schnittstelle und gew\u00e4rleistet kristallklare  digitale Qualit\u00e4t \u00fcber ein einziges Kabel.<br \/>HDMI bietet bedeutende  Vorteile gegen\u00fcber analogen A\/V Anschl\u00fcssen, inklusive der F\u00e4higkeit,  unkomprimierte digitale Video und Audio Inhalte zu \u00fcbertragen. <\/p>\n<p>  L\u00e4nge: 10 m   <br \/>Contacts GOLD  <br \/>FullHD, UHD, 4k\/2k compatible <br \/> Farbe: Wei\u00df<\/p>","protected":false},"excerpt":{"rendered":"<p>HDMI KABEL 19Pin &#8211; 19Pin mit Goldkontakten und kompatibel zu HDMI 1.4 Highspeed Ethernet. High-Definition Multimedia Interface (HDMI) ist der schnelle Anschlu\u00dfstandard [&hellip;]<\/p>","protected":false},"featured_media":812,"template":"","meta":[],"product_cat":[50,100],"product_tag":[],"_links":{"self":[{"href":"https:\/\/satmediawp.edv-kroiss.com\/en\/wp-json\/wp\/v2\/product\/813"}],"collection":[{"href":"https:\/\/satmediawp.edv-kroiss.com\/en\/wp-json\/wp\/v2\/product"}],"about":[{"href":"https:\/\/satmediawp.edv-kroiss.com\/en\/wp-json\/wp\/v2\/types\/product"}],"wp:featuredmedia":[{"embeddable":true,"href":"https:\/\/satmediawp.edv-kroiss.com\/en\/wp-json\/wp\/v2\/media\/812"}],"wp:attachment":[{"href":"https:\/\/satmediawp.edv-kroiss.com\/en\/wp-json\/wp\/v2\/media?parent=813"}],"wp:term":[{"taxonomy":"product_cat","embeddable":true,"href":"https:\/\/satmediawp.edv-kroiss.com\/en\/wp-json\/wp\/v2\/product_cat?post=813"},{"taxonomy":"product_tag","embeddable":true,"href":"https:\/\/satmediawp.edv-kroiss.com\/en\/wp-json\/wp\/v2\/product_tag?post=813"}],"curies":[{"name":"wp","href":"https:\/\/api.w.org\/{rel}","templated":true}]}}