{"id":815,"date":"2006-06-16T15:30:17","date_gmt":"2006-06-16T15:30:17","guid":{"rendered":"https:\/\/satmediawp.edv-kroiss.com\/produkt\/megasat-monoblock-quad-01db-60db-verstaerkung-lte-uhd\/"},"modified":"2024-05-17T11:20:57","modified_gmt":"2024-05-17T09:20:57","slug":"megasat-monoblock-quad-01db-60db-verstaerkung-lte-uhd","status":"publish","type":"product","link":"https:\/\/satmediawp.edv-kroiss.com\/en\/product\/megasat-monoblock-quad-01db-60db-verstaerkung-lte-uhd\/","title":{"rendered":"Megasat Monoblock Quad 0,1dB  60db Verst\u00e4rkung LTE UHD"},"content":{"rendered":"<p>Geeignet f\u00fcr den Empfang von Astra und Hotbird. Integrierter DiSEqC-Schalter. Anschluss f\u00fcr 4 Teilnehmer.<\/p>\n<p>Ein LNB in zuverl\u00e4ssiger Profi-Qualit\u00e4t f\u00fcr gestochen scharfes Fernsehvergn\u00fcgen. Die Megasat Diavolo Serie zeichnet sich durch eine extreme Witterungsbest\u00e4ndigkeit aus. Egal ob eisige K\u00e4lte oder gro\u00dfe Hitze \u2013 eine reibungslose Funktion ist garantiert.<\/p>\n<p>Die vergoldeten F-Anschl\u00fcsse sorgen f\u00fcr eine bessere Leitf\u00e4higkeit der Signale und das geringe Rauschma\u00df von nur 0,1 dB gew\u00e4hrleistet beste Bild- und Tonqualit\u00e4t<\/p>\n<p>Der Monoblock LNB ist f\u00fcr den Empfang von zwei Satelliten und f\u00fcr den Anschluss an vier Receiver geeignet. Ideal f\u00fcr den Empfang von Astra 19,2\u00b0 Ost und Hotbird 13,0\u00b0 Ost mit einem LNB-Abstand von 6,2\u00b0. Der integrierte DiSEqC-Schalter sorgt f\u00fcr die Umschaltung zwischen Astra und Hotbird.<\/p>\n<ul>\n<li>Geeignet f\u00fcr 4 Teilnehmer<\/li>\n<li>Empfang von Astra und Hotbird (LNB Abstand von 6,2\u00b0)<\/li>\n<li>60 dB Verst\u00e4rkung<\/li>\n<li>Integrierter LTE Filter<\/li>\n<li>Eingangsfrequenz: 10.7 \u2013 12.75 GHz<\/li>\n<li>Exzellentes Rauschma\u00df von 0.1 dB<\/li>\n<li>Feeddurchmesser: 40 mm<\/li>\n<li>Extrem hitze- und k\u00e4ltebest\u00e4ndig<\/li>\n<li>Geringer Stromverbrauch<\/li>\n<li>Langlebige Elektronik<\/li>\n<li>Vergoldete Anschl\u00fcsse<\/li>\n<li>Wetterschutz f\u00fcr F-Stecker<\/li>\n<\/ul>","protected":false},"excerpt":{"rendered":"<p>Geeignet f\u00fcr den Empfang von Astra und Hotbird. Integrierter DiSEqC-Schalter. Anschluss f\u00fcr 4 Teilnehmer. Ein LNB in zuverl\u00e4ssiger Profi-Qualit\u00e4t f\u00fcr gestochen scharfes [&hellip;]<\/p>","protected":false},"featured_media":814,"template":"","meta":[],"product_cat":[47,108],"product_tag":[],"_links":{"self":[{"href":"https:\/\/satmediawp.edv-kroiss.com\/en\/wp-json\/wp\/v2\/product\/815"}],"collection":[{"href":"https:\/\/satmediawp.edv-kroiss.com\/en\/wp-json\/wp\/v2\/product"}],"about":[{"href":"https:\/\/satmediawp.edv-kroiss.com\/en\/wp-json\/wp\/v2\/types\/product"}],"wp:featuredmedia":[{"embeddable":true,"href":"https:\/\/satmediawp.edv-kroiss.com\/en\/wp-json\/wp\/v2\/media\/814"}],"wp:attachment":[{"href":"https:\/\/satmediawp.edv-kroiss.com\/en\/wp-json\/wp\/v2\/media?parent=815"}],"wp:term":[{"taxonomy":"product_cat","embeddable":true,"href":"https:\/\/satmediawp.edv-kroiss.com\/en\/wp-json\/wp\/v2\/product_cat?post=815"},{"taxonomy":"product_tag","embeddable":true,"href":"https:\/\/satmediawp.edv-kroiss.com\/en\/wp-json\/wp\/v2\/product_tag?post=815"}],"curies":[{"name":"wp","href":"https:\/\/api.w.org\/{rel}","templated":true}]}}