{"id":854,"date":"2007-11-28T21:24:44","date_gmt":"2007-11-28T21:24:44","guid":{"rendered":"https:\/\/satmediawp.edv-kroiss.com\/produkt\/usb-to-serial-rs-232\/"},"modified":"2024-05-17T11:20:52","modified_gmt":"2024-05-17T09:20:52","slug":"usb-to-serial-rs-232","status":"publish","type":"product","link":"https:\/\/satmediawp.edv-kroiss.com\/en\/product\/usb-to-serial-rs-232\/","title":{"rendered":"USB to Serial RS 232"},"content":{"rendered":"<p>Ideal f\u00fcr neue PCs\/Notebooks ohne RS232 Anschluss. <br \/> Kabel mit Umsetzer von USB auf RS232, f\u00fcr Daten\u00fcbertragung von USB auf RS232 und umgekehrt. USB (A) auf DB9-Stecker\/ DB9-Stecker auf USB (A), Gesamtl\u00e4nge 1m.  <br \/>Ger\u00e4t besitzt eigenen von uns getesteten Treiber f\u00fcr vollst\u00e4ndigen COM-Port Hardwareanschlu\u00df und ist somit geeignet f\u00fcr alle Receiver\/Programmer Updates. <br \/>(Nullmodemkabel nicht im Lieferumfang enthalten)<\/p>","protected":false},"excerpt":{"rendered":"<p>Ideal f\u00fcr neue PCs\/Notebooks ohne RS232 Anschluss. Kabel mit Umsetzer von USB auf RS232, f\u00fcr Daten\u00fcbertragung von USB auf RS232 und umgekehrt. [&hellip;]<\/p>","protected":false},"featured_media":853,"template":"","meta":[],"product_cat":[50,100],"product_tag":[],"_links":{"self":[{"href":"https:\/\/satmediawp.edv-kroiss.com\/en\/wp-json\/wp\/v2\/product\/854"}],"collection":[{"href":"https:\/\/satmediawp.edv-kroiss.com\/en\/wp-json\/wp\/v2\/product"}],"about":[{"href":"https:\/\/satmediawp.edv-kroiss.com\/en\/wp-json\/wp\/v2\/types\/product"}],"wp:featuredmedia":[{"embeddable":true,"href":"https:\/\/satmediawp.edv-kroiss.com\/en\/wp-json\/wp\/v2\/media\/853"}],"wp:attachment":[{"href":"https:\/\/satmediawp.edv-kroiss.com\/en\/wp-json\/wp\/v2\/media?parent=854"}],"wp:term":[{"taxonomy":"product_cat","embeddable":true,"href":"https:\/\/satmediawp.edv-kroiss.com\/en\/wp-json\/wp\/v2\/product_cat?post=854"},{"taxonomy":"product_tag","embeddable":true,"href":"https:\/\/satmediawp.edv-kroiss.com\/en\/wp-json\/wp\/v2\/product_tag?post=854"}],"curies":[{"name":"wp","href":"https:\/\/api.w.org\/{rel}","templated":true}]}}