{"id":902,"date":"2009-07-09T10:29:43","date_gmt":"2009-07-09T10:29:43","guid":{"rendered":"https:\/\/satmediawp.edv-kroiss.com\/produkt\/interne-4-tb-hdd-25-sata-geraeuscharm\/"},"modified":"2024-05-17T11:20:47","modified_gmt":"2024-05-17T09:20:47","slug":"interne-4-tb-hdd-25-sata-geraeuscharm","status":"publish","type":"product","link":"https:\/\/satmediawp.edv-kroiss.com\/en\/product\/interne-4-tb-hdd-25-sata-geraeuscharm\/","title":{"rendered":"Interne 4 TB HDD 2,5 SATA Ger\u00e4uscharm"},"content":{"rendered":"<p>Diese Festplatte wird extra produziert f\u00fcr Digital Receiver und DVD-Brenner und verf\u00fcgt \u00fcber 5400U\/min.  <br \/>Die Platten zeichnet sich aus durch eine geringe Stromaufnahme und einem leisen Lauf!  <br \/>Preis inkl. Festplatteneinbau!<\/p>","protected":false},"excerpt":{"rendered":"<p>Diese Festplatte wird extra produziert f\u00fcr Digital Receiver und DVD-Brenner und verf\u00fcgt \u00fcber 5400U\/min. Die Platten zeichnet sich aus durch eine geringe [&hellip;]<\/p>","protected":false},"featured_media":901,"template":"","meta":[],"product_cat":[50,96],"product_tag":[],"_links":{"self":[{"href":"https:\/\/satmediawp.edv-kroiss.com\/en\/wp-json\/wp\/v2\/product\/902"}],"collection":[{"href":"https:\/\/satmediawp.edv-kroiss.com\/en\/wp-json\/wp\/v2\/product"}],"about":[{"href":"https:\/\/satmediawp.edv-kroiss.com\/en\/wp-json\/wp\/v2\/types\/product"}],"wp:featuredmedia":[{"embeddable":true,"href":"https:\/\/satmediawp.edv-kroiss.com\/en\/wp-json\/wp\/v2\/media\/901"}],"wp:attachment":[{"href":"https:\/\/satmediawp.edv-kroiss.com\/en\/wp-json\/wp\/v2\/media?parent=902"}],"wp:term":[{"taxonomy":"product_cat","embeddable":true,"href":"https:\/\/satmediawp.edv-kroiss.com\/en\/wp-json\/wp\/v2\/product_cat?post=902"},{"taxonomy":"product_tag","embeddable":true,"href":"https:\/\/satmediawp.edv-kroiss.com\/en\/wp-json\/wp\/v2\/product_tag?post=902"}],"curies":[{"name":"wp","href":"https:\/\/api.w.org\/{rel}","templated":true}]}}