{"id":916,"date":"2009-10-28T11:45:22","date_gmt":"2009-10-28T11:45:22","guid":{"rendered":"https:\/\/satmediawp.edv-kroiss.com\/produkt\/single-lnb-evo-slimeline-01db-premium\/"},"modified":"2024-05-17T11:20:46","modified_gmt":"2024-05-17T09:20:46","slug":"single-lnb-evo-slimeline-01db-premium","status":"publish","type":"product","link":"https:\/\/satmediawp.edv-kroiss.com\/en\/product\/single-lnb-evo-slimeline-01db-premium\/","title":{"rendered":"Single LNB EVO SlimeLine 0,1dB Premium"},"content":{"rendered":"<p>Neues Slimline Premium Singe LNB mit 40mm Feedaufnahme. Optimal geeignet f\u00fcr alle Multifeed-Anlagen &#8211; LNB Abstand unter 3\u00b0 m\u00f6glich!  (zB Astra, Eutelsat 16\u00b0, Hotbird)  Witterungsbest\u00e4ndiges LNB dank vollst\u00e4ndigem HARTPLASTIK Geh\u00e4use!  LNB ist geeignet f\u00fcr DVB-S2 FULL HDTV und DVB-S2 4K!  Das Rauschma\u00df betr\u00e4gt nur 0,1dB!  F\u00fcr den direkten Anschlu\u00df von einem DVB-S\/S2 SAT Ger\u00e4t.<\/p>","protected":false},"excerpt":{"rendered":"<p>Neues Slimline Premium Singe LNB mit 40mm Feedaufnahme. Optimal geeignet f\u00fcr alle Multifeed-Anlagen &#8211; LNB Abstand unter 3\u00b0 m\u00f6glich! (zB Astra, Eutelsat [&hellip;]<\/p>","protected":false},"featured_media":915,"template":"","meta":[],"product_cat":[47,104],"product_tag":[],"_links":{"self":[{"href":"https:\/\/satmediawp.edv-kroiss.com\/en\/wp-json\/wp\/v2\/product\/916"}],"collection":[{"href":"https:\/\/satmediawp.edv-kroiss.com\/en\/wp-json\/wp\/v2\/product"}],"about":[{"href":"https:\/\/satmediawp.edv-kroiss.com\/en\/wp-json\/wp\/v2\/types\/product"}],"wp:featuredmedia":[{"embeddable":true,"href":"https:\/\/satmediawp.edv-kroiss.com\/en\/wp-json\/wp\/v2\/media\/915"}],"wp:attachment":[{"href":"https:\/\/satmediawp.edv-kroiss.com\/en\/wp-json\/wp\/v2\/media?parent=916"}],"wp:term":[{"taxonomy":"product_cat","embeddable":true,"href":"https:\/\/satmediawp.edv-kroiss.com\/en\/wp-json\/wp\/v2\/product_cat?post=916"},{"taxonomy":"product_tag","embeddable":true,"href":"https:\/\/satmediawp.edv-kroiss.com\/en\/wp-json\/wp\/v2\/product_tag?post=916"}],"curies":[{"name":"wp","href":"https:\/\/api.w.org\/{rel}","templated":true}]}}