{"id":918,"date":"2009-10-28T11:46:45","date_gmt":"2009-10-28T11:46:45","guid":{"rendered":"https:\/\/satmediawp.edv-kroiss.com\/produkt\/twin-lnb-inverto-multiconnect-23mm-40mm\/"},"modified":"2024-05-17T11:20:46","modified_gmt":"2024-05-17T09:20:46","slug":"twin-lnb-inverto-multiconnect-23mm-40mm","status":"publish","type":"product","link":"https:\/\/satmediawp.edv-kroiss.com\/en\/product\/twin-lnb-inverto-multiconnect-23mm-40mm\/","title":{"rendered":"Twin LNB Inverto Multiconnect 23mm \/ 40mm"},"content":{"rendered":"<p>Inverto Multiconnect Dielectric LNB-Serie &#8211; das schmalste Universal Twin LNB mit 23mm und 40mm (Distanzring inklusive) Feedaufnahme auf dem Markt. <br \/>Optimal geeignet f\u00fcr alte 23mm Sat-Antennen und alle Multifeed-Anlagen &#8211; LNB Abstand unter 3\u00b0 m\u00f6glich!  (zB Astra, Eutelsat 16\u00b0, Hotbird) <br \/>Witterungsbest\u00e4ndiges LNB dank vollst\u00e4ndigem HARTPLASTIK Geh\u00e4use!  <br \/>LNB ist geeignet f\u00fcr DVB-S2 UHD\/FULL HDTV. <br \/> Universal Analog &amp; Digital Twin LNB mit sehr starken Empfangspegel unter 0,2db!  <br \/>F\u00fcr den direkten Anschlu\u00df von 2 digitalen Sat und HDTV Receivern!<\/p>","protected":false},"excerpt":{"rendered":"<p>Inverto Multiconnect Dielectric LNB-Serie &#8211; das schmalste Universal Twin LNB mit 23mm und 40mm (Distanzring inklusive) Feedaufnahme auf dem Markt. Optimal geeignet [&hellip;]<\/p>","protected":false},"featured_media":917,"template":"","meta":[],"product_cat":[47,105],"product_tag":[],"_links":{"self":[{"href":"https:\/\/satmediawp.edv-kroiss.com\/en\/wp-json\/wp\/v2\/product\/918"}],"collection":[{"href":"https:\/\/satmediawp.edv-kroiss.com\/en\/wp-json\/wp\/v2\/product"}],"about":[{"href":"https:\/\/satmediawp.edv-kroiss.com\/en\/wp-json\/wp\/v2\/types\/product"}],"wp:featuredmedia":[{"embeddable":true,"href":"https:\/\/satmediawp.edv-kroiss.com\/en\/wp-json\/wp\/v2\/media\/917"}],"wp:attachment":[{"href":"https:\/\/satmediawp.edv-kroiss.com\/en\/wp-json\/wp\/v2\/media?parent=918"}],"wp:term":[{"taxonomy":"product_cat","embeddable":true,"href":"https:\/\/satmediawp.edv-kroiss.com\/en\/wp-json\/wp\/v2\/product_cat?post=918"},{"taxonomy":"product_tag","embeddable":true,"href":"https:\/\/satmediawp.edv-kroiss.com\/en\/wp-json\/wp\/v2\/product_tag?post=918"}],"curies":[{"name":"wp","href":"https:\/\/api.w.org\/{rel}","templated":true}]}}