{"id":920,"date":"2009-10-28T11:47:06","date_gmt":"2009-10-28T11:47:06","guid":{"rendered":"https:\/\/satmediawp.edv-kroiss.com\/produkt\/quattro-lnb-megasat-multifeed-23mm-40mm-01db\/"},"modified":"2024-05-17T11:20:45","modified_gmt":"2024-05-17T09:20:45","slug":"quattro-lnb-megasat-multifeed-23mm-40mm-01db","status":"publish","type":"product","link":"https:\/\/satmediawp.edv-kroiss.com\/en\/product\/quattro-lnb-megasat-multifeed-23mm-40mm-01db\/","title":{"rendered":"Quattro LNB Megasat Multifeed 23mm \/ 40mm 0,1db"},"content":{"rendered":"<p>Megasat Multifeed LNB-Serie &#8211; das schmalste Universal Quattro LNB mit 23mm und 40mm (Distanzring inklusive) Feedaufnahme auf dem Markt. <br \/>Optimal geeignet f\u00fcr alte 23mm Antennen und alle Multifeed-Anlagen &#8211; LNB Abstand unter 3\u00b0 m\u00f6glich!  (zB Astra, Eutelsat 16\u00b0, Hotbird) <br \/>Witterungsbest\u00e4ndiges LNB dank vollst\u00e4ndigem HARTPLASTIK Geh\u00e4use!  <br \/>LNB ist geeignet f\u00fcr DVB-S2 UHD\/FULL HDTV. <br \/> Rauschma\u00df: 0,1db!  <br \/>LNB funktioniert in Verbindung mit einem Multischalter zur Verteilung von 4 oder mehr Teilnehmern.<\/p>","protected":false},"excerpt":{"rendered":"<p>Megasat Multifeed LNB-Serie &#8211; das schmalste Universal Quattro LNB mit 23mm und 40mm (Distanzring inklusive) Feedaufnahme auf dem Markt. Optimal geeignet f\u00fcr [&hellip;]<\/p>","protected":false},"featured_media":919,"template":"","meta":[],"product_cat":[47,107],"product_tag":[],"_links":{"self":[{"href":"https:\/\/satmediawp.edv-kroiss.com\/en\/wp-json\/wp\/v2\/product\/920"}],"collection":[{"href":"https:\/\/satmediawp.edv-kroiss.com\/en\/wp-json\/wp\/v2\/product"}],"about":[{"href":"https:\/\/satmediawp.edv-kroiss.com\/en\/wp-json\/wp\/v2\/types\/product"}],"wp:featuredmedia":[{"embeddable":true,"href":"https:\/\/satmediawp.edv-kroiss.com\/en\/wp-json\/wp\/v2\/media\/919"}],"wp:attachment":[{"href":"https:\/\/satmediawp.edv-kroiss.com\/en\/wp-json\/wp\/v2\/media?parent=920"}],"wp:term":[{"taxonomy":"product_cat","embeddable":true,"href":"https:\/\/satmediawp.edv-kroiss.com\/en\/wp-json\/wp\/v2\/product_cat?post=920"},{"taxonomy":"product_tag","embeddable":true,"href":"https:\/\/satmediawp.edv-kroiss.com\/en\/wp-json\/wp\/v2\/product_tag?post=920"}],"curies":[{"name":"wp","href":"https:\/\/api.w.org\/{rel}","templated":true}]}}