{"id":921,"date":"2009-10-28T11:47:20","date_gmt":"2009-10-28T11:47:20","guid":{"rendered":"https:\/\/satmediawp.edv-kroiss.com\/produkt\/quad-lnb-megasat-multifeed-23mm-40mm-01db\/"},"modified":"2024-05-17T11:20:45","modified_gmt":"2024-05-17T09:20:45","slug":"quad-lnb-megasat-multifeed-23mm-40mm-01db","status":"publish","type":"product","link":"https:\/\/satmediawp.edv-kroiss.com\/en\/product\/quad-lnb-megasat-multifeed-23mm-40mm-01db\/","title":{"rendered":"Quad LNB Megasat Multifeed 23mm \/ 40mm 0,1db"},"content":{"rendered":"<p>Nicht mehr lieferbar &#8211; 23mm LNB Alternative Quattro LNB mit stromlosen Multischalter 5\/8 im Aktionspaket lieberbar!<br \/>Siehe:<\/p>\n<p><\/p>\n<p>Megasat Multifeed LNB-Serie &#8211; das schmalste Universal Quattroswitch\/Quad LNB mit 23mm und 40mm (Distanzring inklusive) Feedaufnahme auf dem Markt. <\/p>\n<p>Optimal geeignet f\u00fcr alte 23mm Anlagen und alle Multifeed-Anlagen &#8211; LNB Abstand unter 3\u00b0 m\u00f6glich!  (zB Astra, Eutelsat 16\u00b0, Hotbird) <\/p>\n<p>Witterungsbest\u00e4ndiges LNB dank vollst\u00e4ndigem HARTPLASTIK Geh\u00e4use!  <br \/>LNB ist geeignet f\u00fcr DVB-S2 UHD\/FULL HDTV.  <br \/>F\u00fcr den direkten Anschlu\u00df von 4 digitalen Sat und HD\/UHD Receivern!<\/p>","protected":false},"excerpt":{"rendered":"<p>Nicht mehr lieferbar &#8211; 23mm LNB Alternative Quattro LNB mit stromlosen Multischalter 5\/8 im Aktionspaket lieberbar!Siehe: Megasat Multifeed LNB-Serie &#8211; das schmalste [&hellip;]<\/p>","protected":false},"featured_media":919,"template":"","meta":[],"product_cat":[47,106],"product_tag":[],"_links":{"self":[{"href":"https:\/\/satmediawp.edv-kroiss.com\/en\/wp-json\/wp\/v2\/product\/921"}],"collection":[{"href":"https:\/\/satmediawp.edv-kroiss.com\/en\/wp-json\/wp\/v2\/product"}],"about":[{"href":"https:\/\/satmediawp.edv-kroiss.com\/en\/wp-json\/wp\/v2\/types\/product"}],"wp:featuredmedia":[{"embeddable":true,"href":"https:\/\/satmediawp.edv-kroiss.com\/en\/wp-json\/wp\/v2\/media\/919"}],"wp:attachment":[{"href":"https:\/\/satmediawp.edv-kroiss.com\/en\/wp-json\/wp\/v2\/media?parent=921"}],"wp:term":[{"taxonomy":"product_cat","embeddable":true,"href":"https:\/\/satmediawp.edv-kroiss.com\/en\/wp-json\/wp\/v2\/product_cat?post=921"},{"taxonomy":"product_tag","embeddable":true,"href":"https:\/\/satmediawp.edv-kroiss.com\/en\/wp-json\/wp\/v2\/product_tag?post=921"}],"curies":[{"name":"wp","href":"https:\/\/api.w.org\/{rel}","templated":true}]}}