{"id":938,"date":"2010-04-28T11:10:29","date_gmt":"2010-04-28T11:10:29","guid":{"rendered":"https:\/\/satmediawp.edv-kroiss.com\/produkt\/original-fernbedienung-clarke-tech-hd-serie\/"},"modified":"2024-05-17T11:20:44","modified_gmt":"2024-05-17T09:20:44","slug":"original-fernbedienung-clarke-tech-hd-serie","status":"publish","type":"product","link":"https:\/\/satmediawp.edv-kroiss.com\/en\/product\/original-fernbedienung-clarke-tech-hd-serie\/","title":{"rendered":"Original Fernbedienung Clarke-Tech HD-Serie"},"content":{"rendered":"<p>Original Fernbedienung funktioniert f\u00fcr alle Clarke-Tech HD Ger\u00e4te! <\/p>\n<p>Siehe auch neue Universal 4in1 Fernbedienung f\u00fcr Clarke-Tech HD Ger\u00e4te unter:&nbsp;<br \/><a href=\"https:\/\/shop.satmedia.at\/index.php?route=product\/product&amp;path=860_814_816&amp;product_id=2680\">Clarke-Tech HD 4in1 Fernbedienung<\/a><\/p>\n<p>ClarkeTech HD-5000 <br \/> ClarkeTech HD-5000 Combo  <br \/>ClarkeTech HD-5000 Combo Plus  <br \/>ClarkeTech HD-5100 Combo<br \/>  ClarkeTech HD-6600 SST <br \/> ClarkeTech HD-5100 Combo Plus  <br \/>ClarkeTech HD-6600 SST Plus  <br \/>ClarkeTech HD-3100 Plus  <br \/>ClarkeTech HD-4100 Plus  <\/p>","protected":false},"excerpt":{"rendered":"<p>Original Fernbedienung funktioniert f\u00fcr alle Clarke-Tech HD Ger\u00e4te! Siehe auch neue Universal 4in1 Fernbedienung f\u00fcr Clarke-Tech HD Ger\u00e4te unter:&nbsp;Clarke-Tech HD 4in1 Fernbedienung [&hellip;]<\/p>","protected":false},"featured_media":937,"template":"","meta":[],"product_cat":[50,99],"product_tag":[],"_links":{"self":[{"href":"https:\/\/satmediawp.edv-kroiss.com\/en\/wp-json\/wp\/v2\/product\/938"}],"collection":[{"href":"https:\/\/satmediawp.edv-kroiss.com\/en\/wp-json\/wp\/v2\/product"}],"about":[{"href":"https:\/\/satmediawp.edv-kroiss.com\/en\/wp-json\/wp\/v2\/types\/product"}],"wp:featuredmedia":[{"embeddable":true,"href":"https:\/\/satmediawp.edv-kroiss.com\/en\/wp-json\/wp\/v2\/media\/937"}],"wp:attachment":[{"href":"https:\/\/satmediawp.edv-kroiss.com\/en\/wp-json\/wp\/v2\/media?parent=938"}],"wp:term":[{"taxonomy":"product_cat","embeddable":true,"href":"https:\/\/satmediawp.edv-kroiss.com\/en\/wp-json\/wp\/v2\/product_cat?post=938"},{"taxonomy":"product_tag","embeddable":true,"href":"https:\/\/satmediawp.edv-kroiss.com\/en\/wp-json\/wp\/v2\/product_tag?post=938"}],"curies":[{"name":"wp","href":"https:\/\/api.w.org\/{rel}","templated":true}]}}