{"id":963,"date":"2011-03-29T09:56:51","date_gmt":"2011-03-29T09:56:51","guid":{"rendered":"https:\/\/satmediawp.edv-kroiss.com\/produkt\/octo-lnb-01db-full-hd-profi-line\/"},"modified":"2024-05-17T11:20:42","modified_gmt":"2024-05-17T09:20:42","slug":"octo-lnb-01db-full-hd-profi-line","status":"publish","type":"product","link":"https:\/\/satmediawp.edv-kroiss.com\/en\/product\/octo-lnb-01db-full-hd-profi-line\/","title":{"rendered":"Octo LNB 0,1dB Full-HD Profi-Line"},"content":{"rendered":"<p>Neue Universal LNB Generation mit 0,1dB Rauschma\u00df!  <br \/>Geeignet f\u00fcr 8 Teilnehmer f\u00fcr Digital\/FullHDTV\/UHD 4k Empfang.  <\/p>\n<p>Technical Data: <br \/>  &#8211; Universal Frequenzbereich: 10,7 &#8211; 12,75 GHz <br \/>  &#8211; 0,1dB Rauschma\u00df !   <br \/>&#8211; Full-HD\/UHD DVB-S2 und 3D Kompatibel   <br \/>&#8211; geringer Stromverbrauch mit Long Life Elektronik   <br \/>&#8211; Hitze und K\u00e4ltebest\u00e4ndig inkl. Wasserschutzfunktion<br \/>&#8211; Wei\u00dfes Geh\u00e4use (Hitzeabweisend)<br \/>  &#8211; 40mm Feed-Durchmesser<\/p>","protected":false},"excerpt":{"rendered":"<p>Neue Universal LNB Generation mit 0,1dB Rauschma\u00df! Geeignet f\u00fcr 8 Teilnehmer f\u00fcr Digital\/FullHDTV\/UHD 4k Empfang. Technische Daten: &#8211; Universal Frequenzbereich: 10,7 &#8211; [&hellip;]<\/p>","protected":false},"featured_media":962,"template":"","meta":[],"product_cat":[47,106],"product_tag":[],"_links":{"self":[{"href":"https:\/\/satmediawp.edv-kroiss.com\/en\/wp-json\/wp\/v2\/product\/963"}],"collection":[{"href":"https:\/\/satmediawp.edv-kroiss.com\/en\/wp-json\/wp\/v2\/product"}],"about":[{"href":"https:\/\/satmediawp.edv-kroiss.com\/en\/wp-json\/wp\/v2\/types\/product"}],"wp:featuredmedia":[{"embeddable":true,"href":"https:\/\/satmediawp.edv-kroiss.com\/en\/wp-json\/wp\/v2\/media\/962"}],"wp:attachment":[{"href":"https:\/\/satmediawp.edv-kroiss.com\/en\/wp-json\/wp\/v2\/media?parent=963"}],"wp:term":[{"taxonomy":"product_cat","embeddable":true,"href":"https:\/\/satmediawp.edv-kroiss.com\/en\/wp-json\/wp\/v2\/product_cat?post=963"},{"taxonomy":"product_tag","embeddable":true,"href":"https:\/\/satmediawp.edv-kroiss.com\/en\/wp-json\/wp\/v2\/product_tag?post=963"}],"curies":[{"name":"wp","href":"https:\/\/api.w.org\/{rel}","templated":true}]}}