{"id":972,"date":"2011-04-29T15:10:20","date_gmt":"2011-04-29T15:10:20","guid":{"rendered":"https:\/\/satmediawp.edv-kroiss.com\/produkt\/twin-lnb-01db-60db-verstaerkung-uhd\/"},"modified":"2024-05-17T13:43:04","modified_gmt":"2024-05-17T11:43:04","slug":"twin-lnb-01db-60db-verstaerkung-uhd","status":"publish","type":"product","link":"https:\/\/satmediawp.edv-kroiss.com\/en\/product\/twin-lnb-01db-60db-verstaerkung-uhd\/","title":{"rendered":"Twin LNB 0,1dB 60dB-Verst\u00e4rkung UHD"},"content":{"rendered":"<p>Neue Universal LNB Generation mit 0,1dB Rauschma\u00df und zus\u00e4tzlicher 60dB Verst\u00e4rkung!  <br \/>Geeignet f\u00fcr 2 Teilnehmer f\u00fcr Digital und UHD\/FullHDTV Empfang. <\/p>\n<p> Technical Data: <br \/>  &#8211; Universal Frequenzbereich: 10,7 &#8211; 12,75 GHz   <br \/>&#8211; 0,1dB Rauschma\u00df mit 60dB Verst\u00e4rkung ! <br \/>  &#8211; UHD\/Full-HD DVB-S2 und 3D Kompatibel   <br \/>&#8211; geringer Stromverbrauch mit Long Life Elektronik   <br \/>&#8211; Hitze und K\u00e4ltebest\u00e4ndig inkl. Wasserschutzfunktion   <br \/>&#8211; 40mm Feed-Durchmesser<\/p>","protected":false},"excerpt":{"rendered":"<p>Neue Universal LNB Generation mit 0,1dB Rauschma\u00df und zus\u00e4tzlicher 60dB Verst\u00e4rkung! Geeignet f\u00fcr 2 Teilnehmer f\u00fcr Digital und UHD\/FullHDTV Empfang. Technische Daten: [&hellip;]<\/p>","protected":false},"featured_media":971,"template":"","meta":[],"product_cat":[47,105],"product_tag":[],"_links":{"self":[{"href":"https:\/\/satmediawp.edv-kroiss.com\/en\/wp-json\/wp\/v2\/product\/972"}],"collection":[{"href":"https:\/\/satmediawp.edv-kroiss.com\/en\/wp-json\/wp\/v2\/product"}],"about":[{"href":"https:\/\/satmediawp.edv-kroiss.com\/en\/wp-json\/wp\/v2\/types\/product"}],"wp:featuredmedia":[{"embeddable":true,"href":"https:\/\/satmediawp.edv-kroiss.com\/en\/wp-json\/wp\/v2\/media\/971"}],"wp:attachment":[{"href":"https:\/\/satmediawp.edv-kroiss.com\/en\/wp-json\/wp\/v2\/media?parent=972"}],"wp:term":[{"taxonomy":"product_cat","embeddable":true,"href":"https:\/\/satmediawp.edv-kroiss.com\/en\/wp-json\/wp\/v2\/product_cat?post=972"},{"taxonomy":"product_tag","embeddable":true,"href":"https:\/\/satmediawp.edv-kroiss.com\/en\/wp-json\/wp\/v2\/product_tag?post=972"}],"curies":[{"name":"wp","href":"https:\/\/api.w.org\/{rel}","templated":true}]}}